{"id":743,"date":"2019-09-18T11:28:05","date_gmt":"2019-09-18T09:28:05","guid":{"rendered":"https:\/\/www.japoniskazalia.lt\/?page_id=743"},"modified":"2019-09-18T11:31:02","modified_gmt":"2019-09-18T09:31:02","slug":"prekiu-pristatymas","status":"publish","type":"page","link":"https:\/\/www.japoniskazalia.lt\/en\/prekiu-pristatymas\/","title":{"rendered":"Delivery of goods"},"content":{"rendered":"<div data-elementor-type=\"wp-page\" data-elementor-id=\"743\" class=\"elementor elementor-743\">\n\t\t\t\t\t\t<section class=\"elementor-section elementor-top-section elementor-element elementor-element-63b42e3 elementor-section-boxed elementor-section-height-default elementor-section-height-default\" data-id=\"63b42e3\" data-element_type=\"section\" data-e-type=\"section\">\n\t\t\t\t\t\t<div class=\"elementor-container elementor-column-gap-default\">\n\t\t\t\t\t<div class=\"elementor-column elementor-col-100 elementor-top-column elementor-element elementor-element-a17e886\" data-id=\"a17e886\" data-element_type=\"column\" data-e-type=\"column\">\n\t\t\t<div class=\"elementor-widget-wrap elementor-element-populated\">\n\t\t\t\t\t\t<div class=\"elementor-element elementor-element-08c9779 elementor-widget elementor-widget-text-editor\" data-id=\"08c9779\" data-element_type=\"widget\" data-e-type=\"widget\" data-widget_type=\"text-editor.default\">\n\t\t\t\t<div class=\"elementor-widget-container\">\n\t\t\t\t\t\t\t\t\t<p><b>For your convenience, you can choose one of the following delivery methods:<\/b><\/p><p><img decoding=\"async\" title=\"lp_big-300x100.jpg\" src=\"https:\/\/zaliaarbata.lt\/upload\/medialibrary\/bc8\/bc8bb88cb73e6932b741c3c716d9cc5f.jpg\" alt=\"lp_big-300x100.jpg\" width=\"180\" height=\"60\" \/><\/p><p><strong>Delivery using &quot;Lietuvos pa\u0161to&quot; services (price 3\u20ac)<\/strong><\/p><p>Delivery time 2-4 working days.<\/p><p>The goods are delivered to the address specified by you. If the postal courier fails to deliver the package to you, you can pick it up at the nearest post office within 1 month. You will also receive all the information about picking up the package via SMS.<\/p><p><img decoding=\"async\" title=\"omniva-logo-300x89.png\" src=\"https:\/\/zaliaarbata.lt\/upload\/medialibrary\/5cb\/5cbf3e90157eaa11444bcd4b72e9657e.png\" alt=\"omniva-logo-300x89.png\" width=\"240\" height=\"71\" \/><\/p><p><strong>Delivery to the OMNIVA terminal (price 3\u20ac)<\/strong><\/p><p>Delivery time 2-3 working days.<\/p><p>The goods are delivered to the Omniva terminal in Lithuania specified by you. In the order notes, write that you want to receive the goods through the terminal and specify the exact address of the terminal. You can find the list of terminals here:\u00a0<a href=\"https:\/\/www.omniva.lt\/verslo\/pastomatu_adresai\/vietos\" target=\"_blank\" rel=\"noopener\">https:\/\/www.omniva.lt\/verslo\/pastomatu_adresai\/vietos<\/a><\/p><p>Once the product arrives at the terminal, it will need to be picked up within 5 days. If the goods are not collected, they will be returned to the seller. The goods will be re-sent within 3 days - shipping cost: 3\u20ac<\/p>\t\t\t\t\t\t\t\t<\/div>\n\t\t\t\t<\/div>\n\t\t\t\t\t<\/div>\n\t\t<\/div>\n\t\t\t\t\t<\/div>\n\t\t<\/section>\n\t\t\t\t<\/div>","protected":false},"excerpt":{"rendered":"<p>For your convenience, you can choose one of the following delivery methods: Delivery using &quot;Lietuvos pa\u0161to&quot; services (price 3\u20ac) Delivery time 2-4 working days. The goods are delivered to the address specified by you. If the postal courier fails to deliver the package to you, you can pick it up at the nearest post office within 1 month. You will also receive all the information about picking up the package via SMS. Delivery to the OMNIVA terminal (price [\u2026]<\/p>","protected":false},"author":1,"featured_media":0,"parent":0,"menu_order":0,"comment_status":"closed","ping_status":"closed","template":"","meta":{"ocean_post_layout":"full-width","ocean_both_sidebars_style":"","ocean_both_sidebars_content_width":0,"ocean_both_sidebars_sidebars_width":0,"ocean_sidebar":"0","ocean_second_sidebar":"0","ocean_disable_margins":"enable","ocean_add_body_class":"","ocean_shortcode_before_top_bar":"","ocean_shortcode_after_top_bar":"","ocean_shortcode_before_header":"","ocean_shortcode_after_header":"","ocean_has_shortcode":"","ocean_shortcode_after_title":"","ocean_shortcode_before_footer_widgets":"","ocean_shortcode_after_footer_widgets":"","ocean_shortcode_before_footer_bottom":"","ocean_shortcode_after_footer_bottom":"","ocean_display_top_bar":"default","ocean_display_header":"default","ocean_header_style":"","ocean_center_header_left_menu":"0","ocean_custom_header_template":"0","ocean_custom_logo":0,"ocean_custom_retina_logo":0,"ocean_custom_logo_max_width":0,"ocean_custom_logo_tablet_max_width":0,"ocean_custom_logo_mobile_max_width":0,"ocean_custom_logo_max_height":0,"ocean_custom_logo_tablet_max_height":0,"ocean_custom_logo_mobile_max_height":0,"ocean_header_custom_menu":"0","ocean_menu_typo_font_family":"0","ocean_menu_typo_font_subset":"","ocean_menu_typo_font_size":0,"ocean_menu_typo_font_size_tablet":0,"ocean_menu_typo_font_size_mobile":0,"ocean_menu_typo_font_size_unit":"px","ocean_menu_typo_font_weight":"","ocean_menu_typo_font_weight_tablet":"","ocean_menu_typo_font_weight_mobile":"","ocean_menu_typo_transform":"","ocean_menu_typo_transform_tablet":"","ocean_menu_typo_transform_mobile":"","ocean_menu_typo_line_height":0,"ocean_menu_typo_line_height_tablet":0,"ocean_menu_typo_line_height_mobile":0,"ocean_menu_typo_line_height_unit":"","ocean_menu_typo_spacing":0,"ocean_menu_typo_spacing_tablet":0,"ocean_menu_typo_spacing_mobile":0,"ocean_menu_typo_spacing_unit":"","ocean_menu_link_color":"","ocean_menu_link_color_hover":"","ocean_menu_link_color_active":"","ocean_menu_link_background":"","ocean_menu_link_hover_background":"","ocean_menu_link_active_background":"","ocean_menu_social_links_bg":"","ocean_menu_social_hover_links_bg":"","ocean_menu_social_links_color":"","ocean_menu_social_hover_links_color":"","ocean_disable_title":"default","ocean_disable_heading":"default","ocean_post_title":"","ocean_post_subheading":"","ocean_post_title_style":"","ocean_post_title_background_color":"","ocean_post_title_background":0,"ocean_post_title_bg_image_position":"","ocean_post_title_bg_image_attachment":"","ocean_post_title_bg_image_repeat":"","ocean_post_title_bg_image_size":"","ocean_post_title_height":0,"ocean_post_title_bg_overlay":0.5,"ocean_post_title_bg_overlay_color":"","ocean_disable_breadcrumbs":"default","ocean_breadcrumbs_color":"","ocean_breadcrumbs_separator_color":"","ocean_breadcrumbs_links_color":"","ocean_breadcrumbs_links_hover_color":"","ocean_display_footer_widgets":"default","ocean_display_footer_bottom":"default","ocean_custom_footer_template":"0","footnotes":""},"class_list":["post-743","page","type-page","status-publish","hentry","entry","owp-thumbs-layout-vertical","owp-btn-normal","owp-tabs-layout-horizontal","has-no-thumbnails","has-product-nav","circle-sale"],"yoast_head":"<!-- This site is optimized with the Yoast SEO plugin v26.8 - https:\/\/yoast.com\/product\/yoast-seo-wordpress\/ -->\n<title>Preki\u0173 pristatymas | JaponiskaZalia.lt - autenti\u0161ka arbata i\u0161 Japonijos.<\/title>\n<meta name=\"robots\" content=\"index, follow, max-snippet:-1, max-image-preview:large, max-video-preview:-1\" \/>\n<link rel=\"canonical\" href=\"https:\/\/www.japoniskazalia.lt\/en\/prekiu-pristatymas\/\" \/>\n<meta property=\"og:locale\" content=\"en_GB\" \/>\n<meta property=\"og:type\" content=\"article\" \/>\n<meta property=\"og:title\" content=\"Preki\u0173 pristatymas | JaponiskaZalia.lt - autenti\u0161ka arbata i\u0161 Japonijos.\" \/>\n<meta property=\"og:description\" content=\"J\u016bs\u0173 patogumui galite pasirinkti vien\u0105 i\u0161 \u0161i\u0173 pristatymo b\u016bd\u0173: Pristatymas naudojantis \u201eLietuvos pa\u0161to\u201c paslaugomis (kaina 3\u20ac) Pristatymo laikas 2-4 darbo dienos. Prek\u0117s pristatomos J\u016bs\u0173 nurodytu adresu. Jei pa\u0161to kurjeriui nepavyksta Jums \u012fteikti siuntos, j\u0105 gal\u0117site atsiimti artimiausiame pa\u0161to skyriuje per 1 m\u0117nes\u012f. Vis\u0105 informacij\u0105 apie siuntos atsi\u0117mim\u0105 taip pat gausite SMS \u017einute. Pristatymas \u012f OMNIVA\u00a0terminal\u0105\u00a0(kaina [&hellip;]\" \/>\n<meta property=\"og:url\" content=\"https:\/\/www.japoniskazalia.lt\/en\/prekiu-pristatymas\/\" \/>\n<meta property=\"og:site_name\" content=\"JaponiskaZalia.lt - autenti\u0161ka arbata i\u0161 Japonijos.\" \/>\n<meta property=\"article:publisher\" content=\"https:\/\/www.facebook.com\/japoniska.zalia\/\" \/>\n<meta property=\"article:modified_time\" content=\"2019-09-18T09:31:02+00:00\" \/>\n<meta property=\"og:image\" content=\"https:\/\/zaliaarbata.lt\/upload\/medialibrary\/bc8\/bc8bb88cb73e6932b741c3c716d9cc5f.jpg\" \/>\n<meta name=\"twitter:card\" content=\"summary_large_image\" \/>\n<meta name=\"twitter:label1\" content=\"Estimated reading time\" \/>\n\t<meta name=\"twitter:data1\" content=\"1 minute\" \/>\n<script type=\"application\/ld+json\" class=\"yoast-schema-graph\">{\"@context\":\"https:\/\/schema.org\",\"@graph\":[{\"@type\":\"WebPage\",\"@id\":\"https:\/\/www.japoniskazalia.lt\/prekiu-pristatymas\/\",\"url\":\"https:\/\/www.japoniskazalia.lt\/prekiu-pristatymas\/\",\"name\":\"Preki\u0173 pristatymas | JaponiskaZalia.lt - autenti\u0161ka arbata i\u0161 Japonijos.\",\"isPartOf\":{\"@id\":\"https:\/\/www.japoniskazalia.lt\/#website\"},\"primaryImageOfPage\":{\"@id\":\"https:\/\/www.japoniskazalia.lt\/prekiu-pristatymas\/#primaryimage\"},\"image\":{\"@id\":\"https:\/\/www.japoniskazalia.lt\/prekiu-pristatymas\/#primaryimage\"},\"thumbnailUrl\":\"https:\/\/zaliaarbata.lt\/upload\/medialibrary\/bc8\/bc8bb88cb73e6932b741c3c716d9cc5f.jpg\",\"datePublished\":\"2019-09-18T09:28:05+00:00\",\"dateModified\":\"2019-09-18T09:31:02+00:00\",\"breadcrumb\":{\"@id\":\"https:\/\/www.japoniskazalia.lt\/prekiu-pristatymas\/#breadcrumb\"},\"inLanguage\":\"en-GB\",\"potentialAction\":[{\"@type\":\"ReadAction\",\"target\":[\"https:\/\/www.japoniskazalia.lt\/prekiu-pristatymas\/\"]}]},{\"@type\":\"ImageObject\",\"inLanguage\":\"en-GB\",\"@id\":\"https:\/\/www.japoniskazalia.lt\/prekiu-pristatymas\/#primaryimage\",\"url\":\"https:\/\/zaliaarbata.lt\/upload\/medialibrary\/bc8\/bc8bb88cb73e6932b741c3c716d9cc5f.jpg\",\"contentUrl\":\"https:\/\/zaliaarbata.lt\/upload\/medialibrary\/bc8\/bc8bb88cb73e6932b741c3c716d9cc5f.jpg\"},{\"@type\":\"BreadcrumbList\",\"@id\":\"https:\/\/www.japoniskazalia.lt\/prekiu-pristatymas\/#breadcrumb\",\"itemListElement\":[{\"@type\":\"ListItem\",\"position\":1,\"name\":\"Home\",\"item\":\"https:\/\/www.japoniskazalia.lt\/\"},{\"@type\":\"ListItem\",\"position\":2,\"name\":\"Preki\u0173 pristatymas\"}]},{\"@type\":\"WebSite\",\"@id\":\"https:\/\/www.japoniskazalia.lt\/#website\",\"url\":\"https:\/\/www.japoniskazalia.lt\/\",\"name\":\"JaponiskaZalia.lt - autenti\u0161ka arbata i\u0161 Japonijos.\",\"description\":\"JaponiskaZalia.lt - \u017ealia arbata, japoni\u0161ka keramika, degustacijos\",\"publisher\":{\"@id\":\"https:\/\/www.japoniskazalia.lt\/#organization\"},\"potentialAction\":[{\"@type\":\"SearchAction\",\"target\":{\"@type\":\"EntryPoint\",\"urlTemplate\":\"https:\/\/www.japoniskazalia.lt\/?s={search_term_string}\"},\"query-input\":{\"@type\":\"PropertyValueSpecification\",\"valueRequired\":true,\"valueName\":\"search_term_string\"}}],\"inLanguage\":\"en-GB\"},{\"@type\":\"Organization\",\"@id\":\"https:\/\/www.japoniskazalia.lt\/#organization\",\"name\":\"Japoni\u0161ka \u017ealia\",\"url\":\"https:\/\/www.japoniskazalia.lt\/\",\"logo\":{\"@type\":\"ImageObject\",\"inLanguage\":\"en-GB\",\"@id\":\"https:\/\/www.japoniskazalia.lt\/#\/schema\/logo\/image\/\",\"url\":\"https:\/\/www.japoniskazalia.lt\/wp-content\/uploads\/2019\/08\/logo-canva-transparent-transparent.png\",\"contentUrl\":\"https:\/\/www.japoniskazalia.lt\/wp-content\/uploads\/2019\/08\/logo-canva-transparent-transparent.png\",\"width\":1050,\"height\":600,\"caption\":\"Japoni\u0161ka \u017ealia\"},\"image\":{\"@id\":\"https:\/\/www.japoniskazalia.lt\/#\/schema\/logo\/image\/\"},\"sameAs\":[\"https:\/\/www.facebook.com\/japoniska.zalia\/\"]}]}<\/script>\n<!-- \/ Yoast SEO plugin. -->","yoast_head_json":{"title":"Preki\u0173 pristatymas | JaponiskaZalia.lt - autenti\u0161ka arbata i\u0161 Japonijos.","robots":{"index":"index","follow":"follow","max-snippet":"max-snippet:-1","max-image-preview":"max-image-preview:large","max-video-preview":"max-video-preview:-1"},"canonical":"https:\/\/www.japoniskazalia.lt\/en\/prekiu-pristatymas\/","og_locale":"en_GB","og_type":"article","og_title":"Preki\u0173 pristatymas | JaponiskaZalia.lt - autenti\u0161ka arbata i\u0161 Japonijos.","og_description":"J\u016bs\u0173 patogumui galite pasirinkti vien\u0105 i\u0161 \u0161i\u0173 pristatymo b\u016bd\u0173: Pristatymas naudojantis \u201eLietuvos pa\u0161to\u201c paslaugomis (kaina 3\u20ac) Pristatymo laikas 2-4 darbo dienos. Prek\u0117s pristatomos J\u016bs\u0173 nurodytu adresu. Jei pa\u0161to kurjeriui nepavyksta Jums \u012fteikti siuntos, j\u0105 gal\u0117site atsiimti artimiausiame pa\u0161to skyriuje per 1 m\u0117nes\u012f. Vis\u0105 informacij\u0105 apie siuntos atsi\u0117mim\u0105 taip pat gausite SMS \u017einute. Pristatymas \u012f OMNIVA\u00a0terminal\u0105\u00a0(kaina [&hellip;]","og_url":"https:\/\/www.japoniskazalia.lt\/en\/prekiu-pristatymas\/","og_site_name":"JaponiskaZalia.lt - autenti\u0161ka arbata i\u0161 Japonijos.","article_publisher":"https:\/\/www.facebook.com\/japoniska.zalia\/","article_modified_time":"2019-09-18T09:31:02+00:00","og_image":[{"url":"https:\/\/zaliaarbata.lt\/upload\/medialibrary\/bc8\/bc8bb88cb73e6932b741c3c716d9cc5f.jpg","type":"","width":"","height":""}],"twitter_card":"summary_large_image","twitter_misc":{"Estimated reading time":"1 minute"},"schema":{"@context":"https:\/\/schema.org","@graph":[{"@type":"WebPage","@id":"https:\/\/www.japoniskazalia.lt\/prekiu-pristatymas\/","url":"https:\/\/www.japoniskazalia.lt\/prekiu-pristatymas\/","name":"Preki\u0173 pristatymas | JaponiskaZalia.lt - autenti\u0161ka arbata i\u0161 Japonijos.","isPartOf":{"@id":"https:\/\/www.japoniskazalia.lt\/#website"},"primaryImageOfPage":{"@id":"https:\/\/www.japoniskazalia.lt\/prekiu-pristatymas\/#primaryimage"},"image":{"@id":"https:\/\/www.japoniskazalia.lt\/prekiu-pristatymas\/#primaryimage"},"thumbnailUrl":"https:\/\/zaliaarbata.lt\/upload\/medialibrary\/bc8\/bc8bb88cb73e6932b741c3c716d9cc5f.jpg","datePublished":"2019-09-18T09:28:05+00:00","dateModified":"2019-09-18T09:31:02+00:00","breadcrumb":{"@id":"https:\/\/www.japoniskazalia.lt\/prekiu-pristatymas\/#breadcrumb"},"inLanguage":"en-GB","potentialAction":[{"@type":"ReadAction","target":["https:\/\/www.japoniskazalia.lt\/prekiu-pristatymas\/"]}]},{"@type":"ImageObject","inLanguage":"en-GB","@id":"https:\/\/www.japoniskazalia.lt\/prekiu-pristatymas\/#primaryimage","url":"https:\/\/zaliaarbata.lt\/upload\/medialibrary\/bc8\/bc8bb88cb73e6932b741c3c716d9cc5f.jpg","contentUrl":"https:\/\/zaliaarbata.lt\/upload\/medialibrary\/bc8\/bc8bb88cb73e6932b741c3c716d9cc5f.jpg"},{"@type":"BreadcrumbList","@id":"https:\/\/www.japoniskazalia.lt\/prekiu-pristatymas\/#breadcrumb","itemListElement":[{"@type":"ListItem","position":1,"name":"Home","item":"https:\/\/www.japoniskazalia.lt\/"},{"@type":"ListItem","position":2,"name":"Preki\u0173 pristatymas"}]},{"@type":"WebSite","@id":"https:\/\/www.japoniskazalia.lt\/#website","url":"https:\/\/www.japoniskazalia.lt\/","name":"JaponiskaZalia.lt - autenti\u0161ka arbata i\u0161 Japonijos.","description":"JaponiskaZalia.lt - \u017ealia arbata, japoni\u0161ka keramika, degustacijos","publisher":{"@id":"https:\/\/www.japoniskazalia.lt\/#organization"},"potentialAction":[{"@type":"SearchAction","target":{"@type":"EntryPoint","urlTemplate":"https:\/\/www.japoniskazalia.lt\/?s={search_term_string}"},"query-input":{"@type":"PropertyValueSpecification","valueRequired":true,"valueName":"search_term_string"}}],"inLanguage":"en-GB"},{"@type":"Organization","@id":"https:\/\/www.japoniskazalia.lt\/#organization","name":"Japoni\u0161ka \u017ealia","url":"https:\/\/www.japoniskazalia.lt\/","logo":{"@type":"ImageObject","inLanguage":"en-GB","@id":"https:\/\/www.japoniskazalia.lt\/#\/schema\/logo\/image\/","url":"https:\/\/www.japoniskazalia.lt\/wp-content\/uploads\/2019\/08\/logo-canva-transparent-transparent.png","contentUrl":"https:\/\/www.japoniskazalia.lt\/wp-content\/uploads\/2019\/08\/logo-canva-transparent-transparent.png","width":1050,"height":600,"caption":"Japoni\u0161ka \u017ealia"},"image":{"@id":"https:\/\/www.japoniskazalia.lt\/#\/schema\/logo\/image\/"},"sameAs":["https:\/\/www.facebook.com\/japoniska.zalia\/"]}]}},"_links":{"self":[{"href":"https:\/\/www.japoniskazalia.lt\/en\/wp-json\/wp\/v2\/pages\/743","targetHints":{"allow":["GET"]}}],"collection":[{"href":"https:\/\/www.japoniskazalia.lt\/en\/wp-json\/wp\/v2\/pages"}],"about":[{"href":"https:\/\/www.japoniskazalia.lt\/en\/wp-json\/wp\/v2\/types\/page"}],"author":[{"embeddable":true,"href":"https:\/\/www.japoniskazalia.lt\/en\/wp-json\/wp\/v2\/users\/1"}],"replies":[{"embeddable":true,"href":"https:\/\/www.japoniskazalia.lt\/en\/wp-json\/wp\/v2\/comments?post=743"}],"version-history":[{"count":2,"href":"https:\/\/www.japoniskazalia.lt\/en\/wp-json\/wp\/v2\/pages\/743\/revisions"}],"predecessor-version":[{"id":745,"href":"https:\/\/www.japoniskazalia.lt\/en\/wp-json\/wp\/v2\/pages\/743\/revisions\/745"}],"wp:attachment":[{"href":"https:\/\/www.japoniskazalia.lt\/en\/wp-json\/wp\/v2\/media?parent=743"}],"curies":[{"name":"wp","href":"https:\/\/api.w.org\/{rel}","templated":true}]}}