{"id":732,"date":"2019-09-18T11:12:59","date_gmt":"2019-09-18T09:12:59","guid":{"rendered":"https:\/\/www.japoniskazalia.lt\/?page_id=732"},"modified":"2019-09-18T11:18:01","modified_gmt":"2019-09-18T09:18:01","slug":"prekiu-grazinimas","status":"publish","type":"page","link":"https:\/\/www.japoniskazalia.lt\/en\/prekiu-grazinimas\/","title":{"rendered":"Returning the goods"},"content":{"rendered":"<div data-elementor-type=\"wp-page\" data-elementor-id=\"732\" class=\"elementor elementor-732\">\n\t\t\t\t\t\t<section class=\"elementor-section elementor-top-section elementor-element elementor-element-3956e43 elementor-section-boxed elementor-section-height-default elementor-section-height-default\" data-id=\"3956e43\" data-element_type=\"section\" data-e-type=\"section\">\n\t\t\t\t\t\t<div class=\"elementor-container elementor-column-gap-default\">\n\t\t\t\t\t<div class=\"elementor-column elementor-col-100 elementor-top-column elementor-element elementor-element-353b7f2\" data-id=\"353b7f2\" data-element_type=\"column\" data-e-type=\"column\">\n\t\t\t<div class=\"elementor-widget-wrap elementor-element-populated\">\n\t\t\t\t\t\t<section class=\"elementor-section elementor-inner-section elementor-element elementor-element-d7d043b elementor-section-boxed elementor-section-height-default elementor-section-height-default\" data-id=\"d7d043b\" data-element_type=\"section\" data-e-type=\"section\">\n\t\t\t\t\t\t<div class=\"elementor-container elementor-column-gap-default\">\n\t\t\t\t\t<div class=\"elementor-column elementor-col-50 elementor-inner-column elementor-element elementor-element-3ab9e7e\" data-id=\"3ab9e7e\" data-element_type=\"column\" data-e-type=\"column\">\n\t\t\t<div class=\"elementor-widget-wrap elementor-element-populated\">\n\t\t\t\t\t\t<div class=\"elementor-element elementor-element-a1f5f75 elementor-widget elementor-widget-heading\" data-id=\"a1f5f75\" data-element_type=\"widget\" data-e-type=\"widget\" data-widget_type=\"heading.default\">\n\t\t\t\t<div class=\"elementor-widget-container\">\n\t\t\t\t\t<h2 class=\"elementor-heading-title elementor-size-default\">Return and exchange of goods in the online store<\/h2>\t\t\t\t<\/div>\n\t\t\t\t<\/div>\n\t\t\t\t\t<\/div>\n\t\t<\/div>\n\t\t\t\t<div class=\"elementor-column elementor-col-50 elementor-inner-column elementor-element elementor-element-c819e64\" data-id=\"c819e64\" data-element_type=\"column\" data-e-type=\"column\">\n\t\t\t<div class=\"elementor-widget-wrap elementor-element-populated\">\n\t\t\t\t\t\t<div class=\"elementor-element elementor-element-1e15571 elementor-widget elementor-widget-heading\" data-id=\"1e15571\" data-element_type=\"widget\" data-e-type=\"widget\" data-widget_type=\"heading.default\">\n\t\t\t\t<div class=\"elementor-widget-container\">\n\t\t\t\t\t<h2 class=\"elementor-heading-title elementor-size-default\"><a href=\"https:\/\/www.japoniskazalia.lt\/en\/el-parduotuve\/\">www.japoniskazalia.lt<\/a><\/h2>\t\t\t\t<\/div>\n\t\t\t\t<\/div>\n\t\t\t\t\t<\/div>\n\t\t<\/div>\n\t\t\t\t\t<\/div>\n\t\t<\/section>\n\t\t\t\t<div class=\"elementor-element elementor-element-fb4eeec elementor-widget elementor-widget-text-editor\" data-id=\"fb4eeec\" data-element_type=\"widget\" data-e-type=\"widget\" data-widget_type=\"text-editor.default\">\n\t\t\t\t<div class=\"elementor-widget-container\">\n\t\t\t\t\t\t\t\t\t<p>Defects of the sold goods are removed, low-quality goods are replaced, returned in accordance with the 2001 order of the Minister of Economy of the Republic of Lithuania. June 29 by order no. 217 &quot;Regarding the approval of the rules for the return and exchange of items&quot; approved by the rules for the return and exchange of items, except in cases where the contract cannot be canceled according to the laws of the Republic of Lithuania (when the contract is concluded for the sale of hygiene products - bed linen; see information\u00a0<span style=\"color: #339966;\"><a style=\"color: #339966;\" href=\"https:\/\/e-seimas.lrs.lt\/portal\/legalAct\/lt\/TAD\/TAIS.141450\" target=\"_blank\" rel=\"noopener\">on the LRS website<\/a><\/span>, &quot;Features of return and exchange of food products&quot;). In all cases, money for returned goods is transferred only to the payer&#039;s bank account.<\/p><p>In order to return unsatisfied goods, the buyer can do so<b>\u00a0within 14 (fourteen) working days<\/b>\u00a0from the day of delivery of the goods to the buyer, informing the Seller by means of communication specified in the contact section, indicating the name of the returned goods, the order number and the reasons for the return.\u00a0<b>When returning goods to the buyer, it is necessary to comply with the following conditions:<\/b><\/p><ul><li>The returned item must be in its original, neat packaging;<\/li><li>The product must be undamaged by the Buyer;<\/li><li>The product must be unused, without losing its commercial appearance (labels intact, protective film not torn off, etc.). This clause does not apply in the case of returning a defective product;<\/li><li>The returned product must be in the same configuration as the Buyer received it;<\/li><li>When returning the product, it is necessary to present the purchase document (bill-invoice);<\/li><li>The Seller has the right not to accept the goods returned by the Buyer if the Buyer does not follow the established procedure for returning the goods;<\/li><li>When returning the wrong product and\/or low-quality product, the Seller undertakes to take back such products and replace them with similar, suitable products.<\/li><li>In the event that the Seller does not have goods suitable for replacement, the amount paid will be returned to the Buyer, excluding the cost of delivery.<\/li><\/ul>\t\t\t\t\t\t\t\t<\/div>\n\t\t\t\t<\/div>\n\t\t\t\t\t<\/div>\n\t\t<\/div>\n\t\t\t\t\t<\/div>\n\t\t<\/section>\n\t\t\t\t<section class=\"elementor-section elementor-top-section elementor-element elementor-element-cddf6c1 elementor-section-boxed elementor-section-height-default elementor-section-height-default\" data-id=\"cddf6c1\" data-element_type=\"section\" data-e-type=\"section\">\n\t\t\t\t\t\t<div class=\"elementor-container elementor-column-gap-default\">\n\t\t\t\t\t<div class=\"elementor-column elementor-col-100 elementor-top-column elementor-element elementor-element-6ea16e8\" data-id=\"6ea16e8\" data-element_type=\"column\" data-e-type=\"column\">\n\t\t\t<div class=\"elementor-widget-wrap elementor-element-populated\">\n\t\t\t\t\t\t<div class=\"elementor-element elementor-element-12a2e16 elementor-widget elementor-widget-spacer\" data-id=\"12a2e16\" data-element_type=\"widget\" data-e-type=\"widget\" data-widget_type=\"spacer.default\">\n\t\t\t\t<div class=\"elementor-widget-container\">\n\t\t\t\t\t\t\t<div class=\"elementor-spacer\">\n\t\t\t<div class=\"elementor-spacer-inner\"><\/div>\n\t\t<\/div>\n\t\t\t\t\t\t<\/div>\n\t\t\t\t<\/div>\n\t\t\t\t\t<\/div>\n\t\t<\/div>\n\t\t\t\t\t<\/div>\n\t\t<\/section>\n\t\t\t\t<\/div>","protected":false},"excerpt":{"rendered":"<p>Return and exchange of goods in the online store www.japoniskazalia.lt Defects in the sold goods are eliminated, low-quality goods are exchanged, returned in accordance with the Minister of Economy of the Republic of Lithuania in 2001. June 29 by order no. 217 &quot;Regarding the approval of the rules for the return and exchange of items&quot; approved by the rules for the return and exchange of items, except in cases where the contract cannot be canceled according to the laws of the Republic of Lithuania (when the contract is concluded for hygiene goods [...]<\/p>","protected":false},"author":1,"featured_media":0,"parent":0,"menu_order":0,"comment_status":"closed","ping_status":"closed","template":"","meta":{"ocean_post_layout":"full-screen","ocean_both_sidebars_style":"","ocean_both_sidebars_content_width":0,"ocean_both_sidebars_sidebars_width":0,"ocean_sidebar":"0","ocean_second_sidebar":"0","ocean_disable_margins":"enable","ocean_add_body_class":"","ocean_shortcode_before_top_bar":"","ocean_shortcode_after_top_bar":"","ocean_shortcode_before_header":"","ocean_shortcode_after_header":"","ocean_has_shortcode":"","ocean_shortcode_after_title":"","ocean_shortcode_before_footer_widgets":"","ocean_shortcode_after_footer_widgets":"","ocean_shortcode_before_footer_bottom":"","ocean_shortcode_after_footer_bottom":"","ocean_display_top_bar":"default","ocean_display_header":"default","ocean_header_style":"","ocean_center_header_left_menu":"0","ocean_custom_header_template":"0","ocean_custom_logo":0,"ocean_custom_retina_logo":0,"ocean_custom_logo_max_width":0,"ocean_custom_logo_tablet_max_width":0,"ocean_custom_logo_mobile_max_width":0,"ocean_custom_logo_max_height":0,"ocean_custom_logo_tablet_max_height":0,"ocean_custom_logo_mobile_max_height":0,"ocean_header_custom_menu":"0","ocean_menu_typo_font_family":"0","ocean_menu_typo_font_subset":"","ocean_menu_typo_font_size":0,"ocean_menu_typo_font_size_tablet":0,"ocean_menu_typo_font_size_mobile":0,"ocean_menu_typo_font_size_unit":"px","ocean_menu_typo_font_weight":"","ocean_menu_typo_font_weight_tablet":"","ocean_menu_typo_font_weight_mobile":"","ocean_menu_typo_transform":"","ocean_menu_typo_transform_tablet":"","ocean_menu_typo_transform_mobile":"","ocean_menu_typo_line_height":0,"ocean_menu_typo_line_height_tablet":0,"ocean_menu_typo_line_height_mobile":0,"ocean_menu_typo_line_height_unit":"","ocean_menu_typo_spacing":0,"ocean_menu_typo_spacing_tablet":0,"ocean_menu_typo_spacing_mobile":0,"ocean_menu_typo_spacing_unit":"","ocean_menu_link_color":"","ocean_menu_link_color_hover":"","ocean_menu_link_color_active":"","ocean_menu_link_background":"","ocean_menu_link_hover_background":"","ocean_menu_link_active_background":"","ocean_menu_social_links_bg":"","ocean_menu_social_hover_links_bg":"","ocean_menu_social_links_color":"","ocean_menu_social_hover_links_color":"","ocean_disable_title":"default","ocean_disable_heading":"default","ocean_post_title":"","ocean_post_subheading":"","ocean_post_title_style":"","ocean_post_title_background_color":"","ocean_post_title_background":0,"ocean_post_title_bg_image_position":"","ocean_post_title_bg_image_attachment":"","ocean_post_title_bg_image_repeat":"","ocean_post_title_bg_image_size":"","ocean_post_title_height":0,"ocean_post_title_bg_overlay":0.5,"ocean_post_title_bg_overlay_color":"","ocean_disable_breadcrumbs":"default","ocean_breadcrumbs_color":"","ocean_breadcrumbs_separator_color":"","ocean_breadcrumbs_links_color":"","ocean_breadcrumbs_links_hover_color":"","ocean_display_footer_widgets":"default","ocean_display_footer_bottom":"default","ocean_custom_footer_template":"0","footnotes":""},"class_list":["post-732","page","type-page","status-publish","hentry","entry","owp-thumbs-layout-vertical","owp-btn-normal","owp-tabs-layout-horizontal","has-no-thumbnails","has-product-nav","circle-sale"],"yoast_head":"<!-- This site is optimized with the Yoast SEO plugin v26.8 - https:\/\/yoast.com\/product\/yoast-seo-wordpress\/ -->\n<title>Preki\u0173 gr\u0105\u017einimas | JaponiskaZalia.lt - autenti\u0161ka arbata i\u0161 Japonijos.<\/title>\n<meta name=\"robots\" content=\"index, follow, max-snippet:-1, max-image-preview:large, max-video-preview:-1\" \/>\n<link rel=\"canonical\" href=\"https:\/\/www.japoniskazalia.lt\/en\/prekiu-grazinimas\/\" \/>\n<meta property=\"og:locale\" content=\"en_GB\" \/>\n<meta property=\"og:type\" content=\"article\" \/>\n<meta property=\"og:title\" content=\"Preki\u0173 gr\u0105\u017einimas | JaponiskaZalia.lt - autenti\u0161ka arbata i\u0161 Japonijos.\" \/>\n<meta property=\"og:description\" content=\"Preki\u0173 gr\u0105\u017einimas ir keitimas internetin\u0117je parduotuv\u0117je www.japoniskazalia.lt Parduot\u0173 preki\u0173 tr\u016bkumai \u0161alinami, nekokybi\u0161kos prek\u0117s kei\u010diamos, gr\u0105\u017einamos vadovaujantis LR \u016bkio ministro 2001 m. bir\u017eelio 29 d. \u012fsakymu Nr. 217 \u201eD\u0117l Daikt\u0173 gr\u0105\u017einimo ir keitimo taisykli\u0173 patvirtinimo\u201c patvirtintomis Daikt\u0173 gr\u0105\u017einimo ir keitimo taisykl\u0117mis, i\u0161skyrus atvejus, kai sutarties negalima atsisakyti pagal LR \u012fstatymus (kai sutartis sudaryta d\u0117l higienos preki\u0173 [&hellip;]\" \/>\n<meta property=\"og:url\" content=\"https:\/\/www.japoniskazalia.lt\/en\/prekiu-grazinimas\/\" \/>\n<meta property=\"og:site_name\" content=\"JaponiskaZalia.lt - autenti\u0161ka arbata i\u0161 Japonijos.\" \/>\n<meta property=\"article:publisher\" content=\"https:\/\/www.facebook.com\/japoniska.zalia\/\" \/>\n<meta property=\"article:modified_time\" content=\"2019-09-18T09:18:01+00:00\" \/>\n<meta name=\"twitter:card\" content=\"summary_large_image\" \/>\n<meta name=\"twitter:label1\" content=\"Estimated reading time\" \/>\n\t<meta name=\"twitter:data1\" content=\"1 minute\" \/>\n<script type=\"application\/ld+json\" class=\"yoast-schema-graph\">{\"@context\":\"https:\/\/schema.org\",\"@graph\":[{\"@type\":\"WebPage\",\"@id\":\"https:\/\/www.japoniskazalia.lt\/prekiu-grazinimas\/\",\"url\":\"https:\/\/www.japoniskazalia.lt\/prekiu-grazinimas\/\",\"name\":\"Preki\u0173 gr\u0105\u017einimas | JaponiskaZalia.lt - autenti\u0161ka arbata i\u0161 Japonijos.\",\"isPartOf\":{\"@id\":\"https:\/\/www.japoniskazalia.lt\/#website\"},\"datePublished\":\"2019-09-18T09:12:59+00:00\",\"dateModified\":\"2019-09-18T09:18:01+00:00\",\"breadcrumb\":{\"@id\":\"https:\/\/www.japoniskazalia.lt\/prekiu-grazinimas\/#breadcrumb\"},\"inLanguage\":\"en-GB\",\"potentialAction\":[{\"@type\":\"ReadAction\",\"target\":[\"https:\/\/www.japoniskazalia.lt\/prekiu-grazinimas\/\"]}]},{\"@type\":\"BreadcrumbList\",\"@id\":\"https:\/\/www.japoniskazalia.lt\/prekiu-grazinimas\/#breadcrumb\",\"itemListElement\":[{\"@type\":\"ListItem\",\"position\":1,\"name\":\"Home\",\"item\":\"https:\/\/www.japoniskazalia.lt\/\"},{\"@type\":\"ListItem\",\"position\":2,\"name\":\"Preki\u0173 gr\u0105\u017einimas\"}]},{\"@type\":\"WebSite\",\"@id\":\"https:\/\/www.japoniskazalia.lt\/#website\",\"url\":\"https:\/\/www.japoniskazalia.lt\/\",\"name\":\"JaponiskaZalia.lt - autenti\u0161ka arbata i\u0161 Japonijos.\",\"description\":\"JaponiskaZalia.lt - \u017ealia arbata, japoni\u0161ka keramika, degustacijos\",\"publisher\":{\"@id\":\"https:\/\/www.japoniskazalia.lt\/#organization\"},\"potentialAction\":[{\"@type\":\"SearchAction\",\"target\":{\"@type\":\"EntryPoint\",\"urlTemplate\":\"https:\/\/www.japoniskazalia.lt\/?s={search_term_string}\"},\"query-input\":{\"@type\":\"PropertyValueSpecification\",\"valueRequired\":true,\"valueName\":\"search_term_string\"}}],\"inLanguage\":\"en-GB\"},{\"@type\":\"Organization\",\"@id\":\"https:\/\/www.japoniskazalia.lt\/#organization\",\"name\":\"Japoni\u0161ka \u017ealia\",\"url\":\"https:\/\/www.japoniskazalia.lt\/\",\"logo\":{\"@type\":\"ImageObject\",\"inLanguage\":\"en-GB\",\"@id\":\"https:\/\/www.japoniskazalia.lt\/#\/schema\/logo\/image\/\",\"url\":\"https:\/\/www.japoniskazalia.lt\/wp-content\/uploads\/2019\/08\/logo-canva-transparent-transparent.png\",\"contentUrl\":\"https:\/\/www.japoniskazalia.lt\/wp-content\/uploads\/2019\/08\/logo-canva-transparent-transparent.png\",\"width\":1050,\"height\":600,\"caption\":\"Japoni\u0161ka \u017ealia\"},\"image\":{\"@id\":\"https:\/\/www.japoniskazalia.lt\/#\/schema\/logo\/image\/\"},\"sameAs\":[\"https:\/\/www.facebook.com\/japoniska.zalia\/\"]}]}<\/script>\n<!-- \/ Yoast SEO plugin. -->","yoast_head_json":{"title":"Preki\u0173 gr\u0105\u017einimas | JaponiskaZalia.lt - autenti\u0161ka arbata i\u0161 Japonijos.","robots":{"index":"index","follow":"follow","max-snippet":"max-snippet:-1","max-image-preview":"max-image-preview:large","max-video-preview":"max-video-preview:-1"},"canonical":"https:\/\/www.japoniskazalia.lt\/en\/prekiu-grazinimas\/","og_locale":"en_GB","og_type":"article","og_title":"Preki\u0173 gr\u0105\u017einimas | JaponiskaZalia.lt - autenti\u0161ka arbata i\u0161 Japonijos.","og_description":"Preki\u0173 gr\u0105\u017einimas ir keitimas internetin\u0117je parduotuv\u0117je www.japoniskazalia.lt Parduot\u0173 preki\u0173 tr\u016bkumai \u0161alinami, nekokybi\u0161kos prek\u0117s kei\u010diamos, gr\u0105\u017einamos vadovaujantis LR \u016bkio ministro 2001 m. bir\u017eelio 29 d. \u012fsakymu Nr. 217 \u201eD\u0117l Daikt\u0173 gr\u0105\u017einimo ir keitimo taisykli\u0173 patvirtinimo\u201c patvirtintomis Daikt\u0173 gr\u0105\u017einimo ir keitimo taisykl\u0117mis, i\u0161skyrus atvejus, kai sutarties negalima atsisakyti pagal LR \u012fstatymus (kai sutartis sudaryta d\u0117l higienos preki\u0173 [&hellip;]","og_url":"https:\/\/www.japoniskazalia.lt\/en\/prekiu-grazinimas\/","og_site_name":"JaponiskaZalia.lt - autenti\u0161ka arbata i\u0161 Japonijos.","article_publisher":"https:\/\/www.facebook.com\/japoniska.zalia\/","article_modified_time":"2019-09-18T09:18:01+00:00","twitter_card":"summary_large_image","twitter_misc":{"Estimated reading time":"1 minute"},"schema":{"@context":"https:\/\/schema.org","@graph":[{"@type":"WebPage","@id":"https:\/\/www.japoniskazalia.lt\/prekiu-grazinimas\/","url":"https:\/\/www.japoniskazalia.lt\/prekiu-grazinimas\/","name":"Preki\u0173 gr\u0105\u017einimas | JaponiskaZalia.lt - autenti\u0161ka arbata i\u0161 Japonijos.","isPartOf":{"@id":"https:\/\/www.japoniskazalia.lt\/#website"},"datePublished":"2019-09-18T09:12:59+00:00","dateModified":"2019-09-18T09:18:01+00:00","breadcrumb":{"@id":"https:\/\/www.japoniskazalia.lt\/prekiu-grazinimas\/#breadcrumb"},"inLanguage":"en-GB","potentialAction":[{"@type":"ReadAction","target":["https:\/\/www.japoniskazalia.lt\/prekiu-grazinimas\/"]}]},{"@type":"BreadcrumbList","@id":"https:\/\/www.japoniskazalia.lt\/prekiu-grazinimas\/#breadcrumb","itemListElement":[{"@type":"ListItem","position":1,"name":"Home","item":"https:\/\/www.japoniskazalia.lt\/"},{"@type":"ListItem","position":2,"name":"Preki\u0173 gr\u0105\u017einimas"}]},{"@type":"WebSite","@id":"https:\/\/www.japoniskazalia.lt\/#website","url":"https:\/\/www.japoniskazalia.lt\/","name":"JaponiskaZalia.lt - autenti\u0161ka arbata i\u0161 Japonijos.","description":"JaponiskaZalia.lt - \u017ealia arbata, japoni\u0161ka keramika, degustacijos","publisher":{"@id":"https:\/\/www.japoniskazalia.lt\/#organization"},"potentialAction":[{"@type":"SearchAction","target":{"@type":"EntryPoint","urlTemplate":"https:\/\/www.japoniskazalia.lt\/?s={search_term_string}"},"query-input":{"@type":"PropertyValueSpecification","valueRequired":true,"valueName":"search_term_string"}}],"inLanguage":"en-GB"},{"@type":"Organization","@id":"https:\/\/www.japoniskazalia.lt\/#organization","name":"Japoni\u0161ka \u017ealia","url":"https:\/\/www.japoniskazalia.lt\/","logo":{"@type":"ImageObject","inLanguage":"en-GB","@id":"https:\/\/www.japoniskazalia.lt\/#\/schema\/logo\/image\/","url":"https:\/\/www.japoniskazalia.lt\/wp-content\/uploads\/2019\/08\/logo-canva-transparent-transparent.png","contentUrl":"https:\/\/www.japoniskazalia.lt\/wp-content\/uploads\/2019\/08\/logo-canva-transparent-transparent.png","width":1050,"height":600,"caption":"Japoni\u0161ka \u017ealia"},"image":{"@id":"https:\/\/www.japoniskazalia.lt\/#\/schema\/logo\/image\/"},"sameAs":["https:\/\/www.facebook.com\/japoniska.zalia\/"]}]}},"_links":{"self":[{"href":"https:\/\/www.japoniskazalia.lt\/en\/wp-json\/wp\/v2\/pages\/732","targetHints":{"allow":["GET"]}}],"collection":[{"href":"https:\/\/www.japoniskazalia.lt\/en\/wp-json\/wp\/v2\/pages"}],"about":[{"href":"https:\/\/www.japoniskazalia.lt\/en\/wp-json\/wp\/v2\/types\/page"}],"author":[{"embeddable":true,"href":"https:\/\/www.japoniskazalia.lt\/en\/wp-json\/wp\/v2\/users\/1"}],"replies":[{"embeddable":true,"href":"https:\/\/www.japoniskazalia.lt\/en\/wp-json\/wp\/v2\/comments?post=732"}],"version-history":[{"count":5,"href":"https:\/\/www.japoniskazalia.lt\/en\/wp-json\/wp\/v2\/pages\/732\/revisions"}],"predecessor-version":[{"id":737,"href":"https:\/\/www.japoniskazalia.lt\/en\/wp-json\/wp\/v2\/pages\/732\/revisions\/737"}],"wp:attachment":[{"href":"https:\/\/www.japoniskazalia.lt\/en\/wp-json\/wp\/v2\/media?parent=732"}],"curies":[{"name":"wp","href":"https:\/\/api.w.org\/{rel}","templated":true}]}}