{"id":18,"date":"2019-03-26T11:27:31","date_gmt":"2019-03-26T11:27:31","guid":{"rendered":"http:\/\/japoniskazalia.lt\/?page_id=18"},"modified":"2019-04-06T18:31:19","modified_gmt":"2019-04-06T16:31:19","slug":"siuntu-sekimas","status":"publish","type":"page","link":"https:\/\/www.japoniskazalia.lt\/en\/siuntu-sekimas\/","title":{"rendered":"Siunt\u0173 sekimas"},"content":{"rendered":"<p><strong><div class=\"woocommerce\">\n<form action=\"https:\/\/www.japoniskazalia.lt\/en\/siuntu-sekimas\/\" method=\"post\" class=\"woocommerce-form woocommerce-form-track-order track_order\" data-trp-original-action=\"https:\/\/www.japoniskazalia.lt\/en\/siuntu-sekimas\/\">\n\n\t\n\t<p data-no-translation=\"\" data-trp-gettext=\"\">To track your order please enter your Order ID in the box below and press the &quot;Track&quot; button. This was given to you on your receipt and in the confirmation email you should have received.<\/p>\n\n\t<p class=\"form-row form-row-first\"><label for=\"orderid\" data-no-translation=\"\" data-trp-gettext=\"\">Order ID<\/label> <input class=\"input-text\" type=\"text\" name=\"orderid\" id=\"orderid\" value=\"\" placeholder=\"Found in your order confirmation email.\" data-no-translation-placeholder=\"\" \/><\/p>\t<p class=\"form-row form-row-last\"><label for=\"order_email\" data-no-translation=\"\" data-trp-gettext=\"\">Billing email<\/label> <input class=\"input-text\" type=\"text\" name=\"order_email\" id=\"order_email\" value=\"\" placeholder=\"Email you used during checkout.\" data-no-translation-placeholder=\"\" \/><\/p>\t<div class=\"clear\"><\/div>\n\n\t\n\t<p class=\"form-row\"><button type=\"submit\" class=\"button\" name=\"track\" value=\"Track\" data-no-translation=\"\" data-trp-gettext=\"\" data-no-translation-value=\"\">Track<\/button><\/p>\n\t<input type=\"hidden\" id=\"woocommerce-order-tracking-nonce\" name=\"woocommerce-order-tracking-nonce\" value=\"ddc4a37031\" \/><input type=\"hidden\" name=\"_wp_http_referer\" value=\"\/en\/wp-json\/wp\/v2\/pages\/18\" \/>\n\t\n<input type=\"hidden\" name=\"trp-form-language\" value=\"en\"\/><\/form>\n<\/div><\/strong><\/p>","protected":false},"excerpt":{"rendered":"","protected":false},"author":1,"featured_media":0,"parent":0,"menu_order":0,"comment_status":"closed","ping_status":"closed","template":"","meta":{"ocean_post_layout":"","ocean_both_sidebars_style":"","ocean_both_sidebars_content_width":0,"ocean_both_sidebars_sidebars_width":0,"ocean_sidebar":"woo_sidebar","ocean_second_sidebar":"0","ocean_disable_margins":"enable","ocean_add_body_class":"","ocean_shortcode_before_top_bar":"","ocean_shortcode_after_top_bar":"","ocean_shortcode_before_header":"","ocean_shortcode_after_header":"","ocean_has_shortcode":"","ocean_shortcode_after_title":"","ocean_shortcode_before_footer_widgets":"","ocean_shortcode_after_footer_widgets":"","ocean_shortcode_before_footer_bottom":"","ocean_shortcode_after_footer_bottom":"","ocean_display_top_bar":"default","ocean_display_header":"default","ocean_header_style":"","ocean_center_header_left_menu":"0","ocean_custom_header_template":"0","ocean_custom_logo":0,"ocean_custom_retina_logo":0,"ocean_custom_logo_max_width":0,"ocean_custom_logo_tablet_max_width":0,"ocean_custom_logo_mobile_max_width":0,"ocean_custom_logo_max_height":0,"ocean_custom_logo_tablet_max_height":0,"ocean_custom_logo_mobile_max_height":0,"ocean_header_custom_menu":"0","ocean_menu_typo_font_family":"0","ocean_menu_typo_font_subset":"","ocean_menu_typo_font_size":0,"ocean_menu_typo_font_size_tablet":0,"ocean_menu_typo_font_size_mobile":0,"ocean_menu_typo_font_size_unit":"px","ocean_menu_typo_font_weight":"","ocean_menu_typo_font_weight_tablet":"","ocean_menu_typo_font_weight_mobile":"","ocean_menu_typo_transform":"","ocean_menu_typo_transform_tablet":"","ocean_menu_typo_transform_mobile":"","ocean_menu_typo_line_height":0,"ocean_menu_typo_line_height_tablet":0,"ocean_menu_typo_line_height_mobile":0,"ocean_menu_typo_line_height_unit":"","ocean_menu_typo_spacing":0,"ocean_menu_typo_spacing_tablet":0,"ocean_menu_typo_spacing_mobile":0,"ocean_menu_typo_spacing_unit":"","ocean_menu_link_color":"","ocean_menu_link_color_hover":"","ocean_menu_link_color_active":"","ocean_menu_link_background":"","ocean_menu_link_hover_background":"","ocean_menu_link_active_background":"","ocean_menu_social_links_bg":"","ocean_menu_social_hover_links_bg":"","ocean_menu_social_links_color":"","ocean_menu_social_hover_links_color":"","ocean_disable_title":"on","ocean_disable_heading":"default","ocean_post_title":"","ocean_post_subheading":"","ocean_post_title_style":"","ocean_post_title_background_color":"","ocean_post_title_background":0,"ocean_post_title_bg_image_position":"","ocean_post_title_bg_image_attachment":"","ocean_post_title_bg_image_repeat":"","ocean_post_title_bg_image_size":"","ocean_post_title_height":0,"ocean_post_title_bg_overlay":0.5,"ocean_post_title_bg_overlay_color":"","ocean_disable_breadcrumbs":"default","ocean_breadcrumbs_color":"","ocean_breadcrumbs_separator_color":"","ocean_breadcrumbs_links_color":"","ocean_breadcrumbs_links_hover_color":"","ocean_display_footer_widgets":"default","ocean_display_footer_bottom":"default","ocean_custom_footer_template":"0","footnotes":""},"class_list":["post-18","page","type-page","status-publish","hentry","entry","owp-thumbs-layout-vertical","owp-btn-normal","owp-tabs-layout-horizontal","has-no-thumbnails","has-product-nav","circle-sale"],"yoast_head":"<!-- This site is optimized with the Yoast SEO plugin v26.8 - https:\/\/yoast.com\/product\/yoast-seo-wordpress\/ -->\n<title>Siunt\u0173 sekimas | JaponiskaZalia.lt - autenti\u0161ka arbata i\u0161 Japonijos.<\/title>\n<meta name=\"robots\" content=\"index, follow, max-snippet:-1, max-image-preview:large, max-video-preview:-1\" \/>\n<link rel=\"canonical\" href=\"https:\/\/www.japoniskazalia.lt\/en\/siuntu-sekimas\/\" \/>\n<meta property=\"og:locale\" content=\"en_GB\" \/>\n<meta property=\"og:type\" content=\"article\" \/>\n<meta property=\"og:title\" content=\"Siunt\u0173 sekimas | JaponiskaZalia.lt - autenti\u0161ka arbata i\u0161 Japonijos.\" \/>\n<meta property=\"og:url\" content=\"https:\/\/www.japoniskazalia.lt\/en\/siuntu-sekimas\/\" \/>\n<meta property=\"og:site_name\" content=\"JaponiskaZalia.lt - autenti\u0161ka arbata i\u0161 Japonijos.\" \/>\n<meta property=\"article:publisher\" content=\"https:\/\/www.facebook.com\/japoniska.zalia\/\" \/>\n<meta property=\"article:modified_time\" content=\"2019-04-06T16:31:19+00:00\" \/>\n<meta name=\"twitter:card\" content=\"summary_large_image\" \/>\n<script type=\"application\/ld+json\" class=\"yoast-schema-graph\">{\"@context\":\"https:\/\/schema.org\",\"@graph\":[{\"@type\":\"WebPage\",\"@id\":\"https:\/\/www.japoniskazalia.lt\/siuntu-sekimas\/\",\"url\":\"https:\/\/www.japoniskazalia.lt\/siuntu-sekimas\/\",\"name\":\"Siunt\u0173 sekimas | JaponiskaZalia.lt - autenti\u0161ka arbata i\u0161 Japonijos.\",\"isPartOf\":{\"@id\":\"https:\/\/www.japoniskazalia.lt\/#website\"},\"datePublished\":\"2019-03-26T11:27:31+00:00\",\"dateModified\":\"2019-04-06T16:31:19+00:00\",\"breadcrumb\":{\"@id\":\"https:\/\/www.japoniskazalia.lt\/siuntu-sekimas\/#breadcrumb\"},\"inLanguage\":\"en-GB\",\"potentialAction\":[{\"@type\":\"ReadAction\",\"target\":[\"https:\/\/www.japoniskazalia.lt\/siuntu-sekimas\/\"]}]},{\"@type\":\"BreadcrumbList\",\"@id\":\"https:\/\/www.japoniskazalia.lt\/siuntu-sekimas\/#breadcrumb\",\"itemListElement\":[{\"@type\":\"ListItem\",\"position\":1,\"name\":\"Home\",\"item\":\"https:\/\/www.japoniskazalia.lt\/\"},{\"@type\":\"ListItem\",\"position\":2,\"name\":\"Siunt\u0173 sekimas\"}]},{\"@type\":\"WebSite\",\"@id\":\"https:\/\/www.japoniskazalia.lt\/#website\",\"url\":\"https:\/\/www.japoniskazalia.lt\/\",\"name\":\"JaponiskaZalia.lt - autenti\u0161ka arbata i\u0161 Japonijos.\",\"description\":\"JaponiskaZalia.lt - \u017ealia arbata, japoni\u0161ka keramika, degustacijos\",\"publisher\":{\"@id\":\"https:\/\/www.japoniskazalia.lt\/#organization\"},\"potentialAction\":[{\"@type\":\"SearchAction\",\"target\":{\"@type\":\"EntryPoint\",\"urlTemplate\":\"https:\/\/www.japoniskazalia.lt\/?s={search_term_string}\"},\"query-input\":{\"@type\":\"PropertyValueSpecification\",\"valueRequired\":true,\"valueName\":\"search_term_string\"}}],\"inLanguage\":\"en-GB\"},{\"@type\":\"Organization\",\"@id\":\"https:\/\/www.japoniskazalia.lt\/#organization\",\"name\":\"Japoni\u0161ka \u017ealia\",\"url\":\"https:\/\/www.japoniskazalia.lt\/\",\"logo\":{\"@type\":\"ImageObject\",\"inLanguage\":\"en-GB\",\"@id\":\"https:\/\/www.japoniskazalia.lt\/#\/schema\/logo\/image\/\",\"url\":\"https:\/\/www.japoniskazalia.lt\/wp-content\/uploads\/2019\/08\/logo-canva-transparent-transparent.png\",\"contentUrl\":\"https:\/\/www.japoniskazalia.lt\/wp-content\/uploads\/2019\/08\/logo-canva-transparent-transparent.png\",\"width\":1050,\"height\":600,\"caption\":\"Japoni\u0161ka \u017ealia\"},\"image\":{\"@id\":\"https:\/\/www.japoniskazalia.lt\/#\/schema\/logo\/image\/\"},\"sameAs\":[\"https:\/\/www.facebook.com\/japoniska.zalia\/\"]}]}<\/script>\n<!-- \/ Yoast SEO plugin. -->","yoast_head_json":{"title":"Siunt\u0173 sekimas | JaponiskaZalia.lt - autenti\u0161ka arbata i\u0161 Japonijos.","robots":{"index":"index","follow":"follow","max-snippet":"max-snippet:-1","max-image-preview":"max-image-preview:large","max-video-preview":"max-video-preview:-1"},"canonical":"https:\/\/www.japoniskazalia.lt\/en\/siuntu-sekimas\/","og_locale":"en_GB","og_type":"article","og_title":"Siunt\u0173 sekimas | JaponiskaZalia.lt - autenti\u0161ka arbata i\u0161 Japonijos.","og_url":"https:\/\/www.japoniskazalia.lt\/en\/siuntu-sekimas\/","og_site_name":"JaponiskaZalia.lt - autenti\u0161ka arbata i\u0161 Japonijos.","article_publisher":"https:\/\/www.facebook.com\/japoniska.zalia\/","article_modified_time":"2019-04-06T16:31:19+00:00","twitter_card":"summary_large_image","schema":{"@context":"https:\/\/schema.org","@graph":[{"@type":"WebPage","@id":"https:\/\/www.japoniskazalia.lt\/siuntu-sekimas\/","url":"https:\/\/www.japoniskazalia.lt\/siuntu-sekimas\/","name":"Siunt\u0173 sekimas | JaponiskaZalia.lt - autenti\u0161ka arbata i\u0161 Japonijos.","isPartOf":{"@id":"https:\/\/www.japoniskazalia.lt\/#website"},"datePublished":"2019-03-26T11:27:31+00:00","dateModified":"2019-04-06T16:31:19+00:00","breadcrumb":{"@id":"https:\/\/www.japoniskazalia.lt\/siuntu-sekimas\/#breadcrumb"},"inLanguage":"en-GB","potentialAction":[{"@type":"ReadAction","target":["https:\/\/www.japoniskazalia.lt\/siuntu-sekimas\/"]}]},{"@type":"BreadcrumbList","@id":"https:\/\/www.japoniskazalia.lt\/siuntu-sekimas\/#breadcrumb","itemListElement":[{"@type":"ListItem","position":1,"name":"Home","item":"https:\/\/www.japoniskazalia.lt\/"},{"@type":"ListItem","position":2,"name":"Siunt\u0173 sekimas"}]},{"@type":"WebSite","@id":"https:\/\/www.japoniskazalia.lt\/#website","url":"https:\/\/www.japoniskazalia.lt\/","name":"JaponiskaZalia.lt - autenti\u0161ka arbata i\u0161 Japonijos.","description":"JaponiskaZalia.lt - \u017ealia arbata, japoni\u0161ka keramika, degustacijos","publisher":{"@id":"https:\/\/www.japoniskazalia.lt\/#organization"},"potentialAction":[{"@type":"SearchAction","target":{"@type":"EntryPoint","urlTemplate":"https:\/\/www.japoniskazalia.lt\/?s={search_term_string}"},"query-input":{"@type":"PropertyValueSpecification","valueRequired":true,"valueName":"search_term_string"}}],"inLanguage":"en-GB"},{"@type":"Organization","@id":"https:\/\/www.japoniskazalia.lt\/#organization","name":"Japoni\u0161ka \u017ealia","url":"https:\/\/www.japoniskazalia.lt\/","logo":{"@type":"ImageObject","inLanguage":"en-GB","@id":"https:\/\/www.japoniskazalia.lt\/#\/schema\/logo\/image\/","url":"https:\/\/www.japoniskazalia.lt\/wp-content\/uploads\/2019\/08\/logo-canva-transparent-transparent.png","contentUrl":"https:\/\/www.japoniskazalia.lt\/wp-content\/uploads\/2019\/08\/logo-canva-transparent-transparent.png","width":1050,"height":600,"caption":"Japoni\u0161ka \u017ealia"},"image":{"@id":"https:\/\/www.japoniskazalia.lt\/#\/schema\/logo\/image\/"},"sameAs":["https:\/\/www.facebook.com\/japoniska.zalia\/"]}]}},"_links":{"self":[{"href":"https:\/\/www.japoniskazalia.lt\/en\/wp-json\/wp\/v2\/pages\/18","targetHints":{"allow":["GET"]}}],"collection":[{"href":"https:\/\/www.japoniskazalia.lt\/en\/wp-json\/wp\/v2\/pages"}],"about":[{"href":"https:\/\/www.japoniskazalia.lt\/en\/wp-json\/wp\/v2\/types\/page"}],"author":[{"embeddable":true,"href":"https:\/\/www.japoniskazalia.lt\/en\/wp-json\/wp\/v2\/users\/1"}],"replies":[{"embeddable":true,"href":"https:\/\/www.japoniskazalia.lt\/en\/wp-json\/wp\/v2\/comments?post=18"}],"version-history":[{"count":2,"href":"https:\/\/www.japoniskazalia.lt\/en\/wp-json\/wp\/v2\/pages\/18\/revisions"}],"predecessor-version":[{"id":208,"href":"https:\/\/www.japoniskazalia.lt\/en\/wp-json\/wp\/v2\/pages\/18\/revisions\/208"}],"wp:attachment":[{"href":"https:\/\/www.japoniskazalia.lt\/en\/wp-json\/wp\/v2\/media?parent=18"}],"curies":[{"name":"wp","href":"https:\/\/api.w.org\/{rel}","templated":true}]}}