{"id":16,"date":"2019-03-26T11:26:35","date_gmt":"2019-03-26T11:26:35","guid":{"rendered":"http:\/\/japoniskazalia.lt\/?page_id=16"},"modified":"2019-08-20T21:24:29","modified_gmt":"2019-08-20T19:24:29","slug":"mano-paskyra","status":"publish","type":"page","link":"https:\/\/www.japoniskazalia.lt\/en\/mano-paskyra\/","title":{"rendered":"Login"},"content":{"rendered":"\n<p><strong><div class=\"woocommerce\"><div class=\"woocommerce-notices-wrapper\"><\/div><ul class=\"owp-account-links\"><li class=\"login\"><a href=\"#\" class=\"owp-account-link current\">Login<\/a><\/li><li class=\"or\">Or<\/li><li class=\"register\"><a href=\"#\" class=\"owp-account-link\">Register<\/a><\/li><\/ul>\n\n<div class=\"u-columns col2-set\" id=\"customer_login\">\n\n\t<div class=\"u-column1 col-1\">\n\n\n\t\t<h2>Login<\/h2>\n\n\t\t<form class=\"woocommerce-form woocommerce-form-login login\" method=\"post\" novalidate>\n\n\t\t\t\n\t\t\t<p class=\"woocommerce-form-row woocommerce-form-row--wide form-row form-row-wide\">\n\t\t\t\t<label for=\"username\">Username or email address&nbsp;<span class=\"required\" aria-hidden=\"true\">*<\/span><span class=\"screen-reader-text\">Required<\/span><\/label>\n\t\t\t\t<input type=\"text\" class=\"woocommerce-Input woocommerce-Input--text input-text\" name=\"username\" id=\"username\" autocomplete=\"username\" value=\"\" required aria-required=\"true\" \/>\t\t\t<\/p>\n\t\t\t<p class=\"woocommerce-form-row woocommerce-form-row--wide form-row form-row-wide\">\n\t\t\t\t<label for=\"password\">Password&nbsp;<span class=\"required\" aria-hidden=\"true\">*<\/span><span class=\"screen-reader-text\">Required<\/span><\/label>\n\t\t\t\t<input class=\"woocommerce-Input woocommerce-Input--text input-text\" type=\"password\" name=\"password\" id=\"password\" autocomplete=\"current-password\" required aria-required=\"true\" \/>\n\t\t\t<\/p>\n\n\t\t\t\n\t\t\t<p class=\"form-row\">\n\t\t\t\t<label class=\"woocommerce-form__label woocommerce-form__label-for-checkbox woocommerce-form-login__rememberme\">\n\t\t\t\t\t<input class=\"woocommerce-form__input woocommerce-form__input-checkbox\" name=\"rememberme\" type=\"checkbox\" id=\"rememberme\" value=\"forever\" \/> <span>Remember me<\/span>\n\t\t\t\t<\/label>\n\t\t\t\t<input type=\"hidden\" id=\"woocommerce-login-nonce\" name=\"woocommerce-login-nonce\" value=\"99f6bed2fe\" \/><input type=\"hidden\" name=\"_wp_http_referer\" value=\"\/en\/wp-json\/wp\/v2\/pages\/16\" \/>\t\t\t\t<button type=\"submit\" class=\"woocommerce-button button woocommerce-form-login__submit\" name=\"login\" value=\"Log in\">Log in<\/button>\n\t\t\t<\/p>\n\t\t\t<p class=\"woocommerce-LostPassword lost_password\">\n\t\t\t\t<a href=\"https:\/\/www.japoniskazalia.lt\/en\/mano-paskyra\/lost-password\/\">Lost your password?<\/a>\n\t\t\t<\/p>\n\n\t\t\t\n\t\t<\/form>\n\n\n\t<\/div>\n\n\t<div class=\"u-column2 col-2\">\n\n\t\t<h2>Register<\/h2>\n\n\t\t<form method=\"post\" class=\"woocommerce-form woocommerce-form-register register\"  >\n\n\t\t\t\n\t\t\t\n\t\t\t\t<p class=\"woocommerce-form-row woocommerce-form-row--wide form-row form-row-wide\">\n\t\t\t\t\t<label for=\"reg_username\">Username&nbsp;<span class=\"required\" aria-hidden=\"true\">*<\/span><span class=\"screen-reader-text\">Required<\/span><\/label>\n\t\t\t\t\t<input type=\"text\" class=\"woocommerce-Input woocommerce-Input--text input-text\" name=\"username\" id=\"reg_username\" autocomplete=\"username\" value=\"\" required aria-required=\"true\" \/>\t\t\t\t<\/p>\n\n\t\t\t\n\t\t\t<p class=\"woocommerce-form-row woocommerce-form-row--wide form-row form-row-wide\">\n\t\t\t\t<label for=\"reg_email\">Email address&nbsp;<span class=\"required\" aria-hidden=\"true\">*<\/span><span class=\"screen-reader-text\">Required<\/span><\/label>\n\t\t\t\t<input type=\"email\" class=\"woocommerce-Input woocommerce-Input--text input-text\" name=\"email\" id=\"reg_email\" autocomplete=\"email\" value=\"\" required aria-required=\"true\" \/>\t\t\t<\/p>\n\n\t\t\t\n\t\t\t\t<p class=\"woocommerce-form-row woocommerce-form-row--wide form-row form-row-wide\">\n\t\t\t\t\t<label for=\"reg_password\">Password&nbsp;<span class=\"required\" aria-hidden=\"true\">*<\/span><span class=\"screen-reader-text\">Required<\/span><\/label>\n\t\t\t\t\t<input type=\"password\" class=\"woocommerce-Input woocommerce-Input--text input-text\" name=\"password\" id=\"reg_password\" autocomplete=\"new-password\" required aria-required=\"true\" \/>\n\t\t\t\t<\/p>\n\n\t\t\t\n\t\t\t<wc-order-attribution-inputs><\/wc-order-attribution-inputs><div class=\"woocommerce-privacy-policy-text\"><p>Asmeniniai duomenys, pateikti \u0161ioje interneto svetain\u0117je, bus naudojami J\u016bs\u0173 nar\u0161ymo patir\u010diai gerinti bei tikslams, nurodytiems privatumo politikoje [Privatumo politika].<\/p>\n<\/div>\n\t\t\t<p class=\"woocommerce-form-row form-row\">\n\t\t\t\t<input type=\"hidden\" id=\"woocommerce-register-nonce\" name=\"woocommerce-register-nonce\" value=\"dc352daa87\" \/><input type=\"hidden\" name=\"_wp_http_referer\" value=\"\/en\/wp-json\/wp\/v2\/pages\/16\" \/>\t\t\t\t<button type=\"submit\" class=\"woocommerce-Button woocommerce-button button woocommerce-form-register__submit\" name=\"register\" value=\"Register\">Register<\/button>\n\t\t\t<\/p>\n\n\t\t\t\n\t\t<\/form>\n\n\t<\/div>\n\n<\/div>\n\n<\/div><\/strong><\/p>\n","protected":false},"excerpt":{"rendered":"","protected":false},"author":1,"featured_media":0,"parent":0,"menu_order":0,"comment_status":"closed","ping_status":"closed","template":"","meta":{"ocean_post_layout":"full-width","ocean_both_sidebars_style":"","ocean_both_sidebars_content_width":0,"ocean_both_sidebars_sidebars_width":0,"ocean_sidebar":"0","ocean_second_sidebar":"0","ocean_disable_margins":"enable","ocean_add_body_class":"","ocean_shortcode_before_top_bar":"","ocean_shortcode_after_top_bar":"","ocean_shortcode_before_header":"","ocean_shortcode_after_header":"","ocean_has_shortcode":"","ocean_shortcode_after_title":"","ocean_shortcode_before_footer_widgets":"","ocean_shortcode_after_footer_widgets":"","ocean_shortcode_before_footer_bottom":"","ocean_shortcode_after_footer_bottom":"","ocean_display_top_bar":"default","ocean_display_header":"default","ocean_header_style":"","ocean_center_header_left_menu":"0","ocean_custom_header_template":"0","ocean_custom_logo":0,"ocean_custom_retina_logo":0,"ocean_custom_logo_max_width":0,"ocean_custom_logo_tablet_max_width":0,"ocean_custom_logo_mobile_max_width":0,"ocean_custom_logo_max_height":0,"ocean_custom_logo_tablet_max_height":0,"ocean_custom_logo_mobile_max_height":0,"ocean_header_custom_menu":"0","ocean_menu_typo_font_family":"0","ocean_menu_typo_font_subset":"","ocean_menu_typo_font_size":0,"ocean_menu_typo_font_size_tablet":0,"ocean_menu_typo_font_size_mobile":0,"ocean_menu_typo_font_size_unit":"px","ocean_menu_typo_font_weight":"","ocean_menu_typo_font_weight_tablet":"","ocean_menu_typo_font_weight_mobile":"","ocean_menu_typo_transform":"","ocean_menu_typo_transform_tablet":"","ocean_menu_typo_transform_mobile":"","ocean_menu_typo_line_height":0,"ocean_menu_typo_line_height_tablet":0,"ocean_menu_typo_line_height_mobile":0,"ocean_menu_typo_line_height_unit":"","ocean_menu_typo_spacing":0,"ocean_menu_typo_spacing_tablet":0,"ocean_menu_typo_spacing_mobile":0,"ocean_menu_typo_spacing_unit":"","ocean_menu_link_color":"","ocean_menu_link_color_hover":"","ocean_menu_link_color_active":"","ocean_menu_link_background":"","ocean_menu_link_hover_background":"","ocean_menu_link_active_background":"","ocean_menu_social_links_bg":"","ocean_menu_social_hover_links_bg":"","ocean_menu_social_links_color":"","ocean_menu_social_hover_links_color":"","ocean_disable_title":"on","ocean_disable_heading":"default","ocean_post_title":"","ocean_post_subheading":"","ocean_post_title_style":"","ocean_post_title_background_color":"","ocean_post_title_background":0,"ocean_post_title_bg_image_position":"","ocean_post_title_bg_image_attachment":"","ocean_post_title_bg_image_repeat":"","ocean_post_title_bg_image_size":"","ocean_post_title_height":0,"ocean_post_title_bg_overlay":0.5,"ocean_post_title_bg_overlay_color":"","ocean_disable_breadcrumbs":"default","ocean_breadcrumbs_color":"","ocean_breadcrumbs_separator_color":"","ocean_breadcrumbs_links_color":"","ocean_breadcrumbs_links_hover_color":"","ocean_display_footer_widgets":"default","ocean_display_footer_bottom":"default","ocean_custom_footer_template":"0","footnotes":""},"class_list":["post-16","page","type-page","status-publish","hentry","entry","owp-thumbs-layout-vertical","owp-btn-normal","owp-tabs-layout-horizontal","has-no-thumbnails","has-product-nav","circle-sale"],"yoast_head":"<!-- This site is optimized with the Yoast SEO plugin v27.5 - https:\/\/yoast.com\/product\/yoast-seo-wordpress\/ -->\n<title>Prisijungti | JaponiskaZalia.lt - autenti\u0161ka arbata i\u0161 Japonijos.<\/title>\n<meta name=\"robots\" content=\"index, follow, max-snippet:-1, max-image-preview:large, max-video-preview:-1\" \/>\n<link rel=\"canonical\" href=\"https:\/\/www.japoniskazalia.lt\/en\/mano-paskyra\/\" \/>\n<meta property=\"og:locale\" content=\"en_GB\" \/>\n<meta property=\"og:type\" content=\"article\" \/>\n<meta property=\"og:title\" content=\"Prisijungti | JaponiskaZalia.lt - autenti\u0161ka arbata i\u0161 Japonijos.\" \/>\n<meta property=\"og:url\" content=\"https:\/\/www.japoniskazalia.lt\/en\/mano-paskyra\/\" \/>\n<meta property=\"og:site_name\" content=\"JaponiskaZalia.lt - autenti\u0161ka arbata i\u0161 Japonijos.\" \/>\n<meta property=\"article:publisher\" content=\"https:\/\/www.facebook.com\/japoniska.zalia\/\" \/>\n<meta property=\"article:modified_time\" content=\"2019-08-20T19:24:29+00:00\" \/>\n<meta name=\"twitter:card\" content=\"summary_large_image\" \/>\n<script type=\"application\/ld+json\" class=\"yoast-schema-graph\">{\"@context\":\"https:\\\/\\\/schema.org\",\"@graph\":[{\"@type\":\"WebPage\",\"@id\":\"https:\\\/\\\/www.japoniskazalia.lt\\\/mano-paskyra\\\/\",\"url\":\"https:\\\/\\\/www.japoniskazalia.lt\\\/mano-paskyra\\\/\",\"name\":\"Prisijungti | JaponiskaZalia.lt - autenti\u0161ka arbata i\u0161 Japonijos.\",\"isPartOf\":{\"@id\":\"https:\\\/\\\/www.japoniskazalia.lt\\\/#website\"},\"datePublished\":\"2019-03-26T11:26:35+00:00\",\"dateModified\":\"2019-08-20T19:24:29+00:00\",\"breadcrumb\":{\"@id\":\"https:\\\/\\\/www.japoniskazalia.lt\\\/mano-paskyra\\\/#breadcrumb\"},\"inLanguage\":\"en-GB\",\"potentialAction\":[{\"@type\":\"ReadAction\",\"target\":[\"https:\\\/\\\/www.japoniskazalia.lt\\\/mano-paskyra\\\/\"]}]},{\"@type\":\"BreadcrumbList\",\"@id\":\"https:\\\/\\\/www.japoniskazalia.lt\\\/mano-paskyra\\\/#breadcrumb\",\"itemListElement\":[{\"@type\":\"ListItem\",\"position\":1,\"name\":\"Home\",\"item\":\"https:\\\/\\\/www.japoniskazalia.lt\\\/\"},{\"@type\":\"ListItem\",\"position\":2,\"name\":\"Prisijungti\"}]},{\"@type\":\"WebSite\",\"@id\":\"https:\\\/\\\/www.japoniskazalia.lt\\\/#website\",\"url\":\"https:\\\/\\\/www.japoniskazalia.lt\\\/\",\"name\":\"JaponiskaZalia.lt - autenti\u0161ka arbata i\u0161 Japonijos.\",\"description\":\"JaponiskaZalia.lt - \u017ealia arbata, japoni\u0161ka keramika, degustacijos\",\"publisher\":{\"@id\":\"https:\\\/\\\/www.japoniskazalia.lt\\\/#organization\"},\"potentialAction\":[{\"@type\":\"SearchAction\",\"target\":{\"@type\":\"EntryPoint\",\"urlTemplate\":\"https:\\\/\\\/www.japoniskazalia.lt\\\/?s={search_term_string}\"},\"query-input\":{\"@type\":\"PropertyValueSpecification\",\"valueRequired\":true,\"valueName\":\"search_term_string\"}}],\"inLanguage\":\"en-GB\"},{\"@type\":\"Organization\",\"@id\":\"https:\\\/\\\/www.japoniskazalia.lt\\\/#organization\",\"name\":\"Japoni\u0161ka \u017ealia\",\"url\":\"https:\\\/\\\/www.japoniskazalia.lt\\\/\",\"logo\":{\"@type\":\"ImageObject\",\"inLanguage\":\"en-GB\",\"@id\":\"https:\\\/\\\/www.japoniskazalia.lt\\\/#\\\/schema\\\/logo\\\/image\\\/\",\"url\":\"https:\\\/\\\/www.japoniskazalia.lt\\\/wp-content\\\/uploads\\\/2019\\\/08\\\/logo-canva-transparent-transparent.png\",\"contentUrl\":\"https:\\\/\\\/www.japoniskazalia.lt\\\/wp-content\\\/uploads\\\/2019\\\/08\\\/logo-canva-transparent-transparent.png\",\"width\":1050,\"height\":600,\"caption\":\"Japoni\u0161ka \u017ealia\"},\"image\":{\"@id\":\"https:\\\/\\\/www.japoniskazalia.lt\\\/#\\\/schema\\\/logo\\\/image\\\/\"},\"sameAs\":[\"https:\\\/\\\/www.facebook.com\\\/japoniska.zalia\\\/\"]}]}<\/script>\n<!-- \/ Yoast SEO plugin. -->","yoast_head_json":{"title":"Prisijungti | JaponiskaZalia.lt - autenti\u0161ka arbata i\u0161 Japonijos.","robots":{"index":"index","follow":"follow","max-snippet":"max-snippet:-1","max-image-preview":"max-image-preview:large","max-video-preview":"max-video-preview:-1"},"canonical":"https:\/\/www.japoniskazalia.lt\/en\/mano-paskyra\/","og_locale":"en_GB","og_type":"article","og_title":"Prisijungti | JaponiskaZalia.lt - autenti\u0161ka arbata i\u0161 Japonijos.","og_url":"https:\/\/www.japoniskazalia.lt\/en\/mano-paskyra\/","og_site_name":"JaponiskaZalia.lt - autenti\u0161ka arbata i\u0161 Japonijos.","article_publisher":"https:\/\/www.facebook.com\/japoniska.zalia\/","article_modified_time":"2019-08-20T19:24:29+00:00","twitter_card":"summary_large_image","schema":{"@context":"https:\/\/schema.org","@graph":[{"@type":"WebPage","@id":"https:\/\/www.japoniskazalia.lt\/mano-paskyra\/","url":"https:\/\/www.japoniskazalia.lt\/mano-paskyra\/","name":"Prisijungti | JaponiskaZalia.lt - autenti\u0161ka arbata i\u0161 Japonijos.","isPartOf":{"@id":"https:\/\/www.japoniskazalia.lt\/#website"},"datePublished":"2019-03-26T11:26:35+00:00","dateModified":"2019-08-20T19:24:29+00:00","breadcrumb":{"@id":"https:\/\/www.japoniskazalia.lt\/mano-paskyra\/#breadcrumb"},"inLanguage":"en-GB","potentialAction":[{"@type":"ReadAction","target":["https:\/\/www.japoniskazalia.lt\/mano-paskyra\/"]}]},{"@type":"BreadcrumbList","@id":"https:\/\/www.japoniskazalia.lt\/mano-paskyra\/#breadcrumb","itemListElement":[{"@type":"ListItem","position":1,"name":"Home","item":"https:\/\/www.japoniskazalia.lt\/"},{"@type":"ListItem","position":2,"name":"Prisijungti"}]},{"@type":"WebSite","@id":"https:\/\/www.japoniskazalia.lt\/#website","url":"https:\/\/www.japoniskazalia.lt\/","name":"JaponiskaZalia.lt - autenti\u0161ka arbata i\u0161 Japonijos.","description":"JaponiskaZalia.lt - \u017ealia arbata, japoni\u0161ka keramika, degustacijos","publisher":{"@id":"https:\/\/www.japoniskazalia.lt\/#organization"},"potentialAction":[{"@type":"SearchAction","target":{"@type":"EntryPoint","urlTemplate":"https:\/\/www.japoniskazalia.lt\/?s={search_term_string}"},"query-input":{"@type":"PropertyValueSpecification","valueRequired":true,"valueName":"search_term_string"}}],"inLanguage":"en-GB"},{"@type":"Organization","@id":"https:\/\/www.japoniskazalia.lt\/#organization","name":"Japoni\u0161ka \u017ealia","url":"https:\/\/www.japoniskazalia.lt\/","logo":{"@type":"ImageObject","inLanguage":"en-GB","@id":"https:\/\/www.japoniskazalia.lt\/#\/schema\/logo\/image\/","url":"https:\/\/www.japoniskazalia.lt\/wp-content\/uploads\/2019\/08\/logo-canva-transparent-transparent.png","contentUrl":"https:\/\/www.japoniskazalia.lt\/wp-content\/uploads\/2019\/08\/logo-canva-transparent-transparent.png","width":1050,"height":600,"caption":"Japoni\u0161ka \u017ealia"},"image":{"@id":"https:\/\/www.japoniskazalia.lt\/#\/schema\/logo\/image\/"},"sameAs":["https:\/\/www.facebook.com\/japoniska.zalia\/"]}]}},"_links":{"self":[{"href":"https:\/\/www.japoniskazalia.lt\/en\/wp-json\/wp\/v2\/pages\/16","targetHints":{"allow":["GET"]}}],"collection":[{"href":"https:\/\/www.japoniskazalia.lt\/en\/wp-json\/wp\/v2\/pages"}],"about":[{"href":"https:\/\/www.japoniskazalia.lt\/en\/wp-json\/wp\/v2\/types\/page"}],"author":[{"embeddable":true,"href":"https:\/\/www.japoniskazalia.lt\/en\/wp-json\/wp\/v2\/users\/1"}],"replies":[{"embeddable":true,"href":"https:\/\/www.japoniskazalia.lt\/en\/wp-json\/wp\/v2\/comments?post=16"}],"version-history":[{"count":3,"href":"https:\/\/www.japoniskazalia.lt\/en\/wp-json\/wp\/v2\/pages\/16\/revisions"}],"predecessor-version":[{"id":609,"href":"https:\/\/www.japoniskazalia.lt\/en\/wp-json\/wp\/v2\/pages\/16\/revisions\/609"}],"wp:attachment":[{"href":"https:\/\/www.japoniskazalia.lt\/en\/wp-json\/wp\/v2\/media?parent=16"}],"curies":[{"name":"wp","href":"https:\/\/api.w.org\/{rel}","templated":true}]}}