{"id":1036,"date":"2019-10-17T20:12:26","date_gmt":"2019-10-17T18:12:26","guid":{"rendered":"https:\/\/www.japoniskazalia.lt\/?page_id=1036"},"modified":"2020-11-05T15:35:45","modified_gmt":"2020-11-05T13:35:45","slug":"matcha-granola-pilna-riesutu","status":"publish","type":"page","link":"https:\/\/www.japoniskazalia.lt\/en\/matcha-granola-pilna-riesutu\/","title":{"rendered":"Matcha granola is full of nuts"},"content":{"rendered":"<div data-elementor-type=\"wp-page\" data-elementor-id=\"1036\" class=\"elementor elementor-1036\">\n\t\t\t\t\t\t<section class=\"elementor-section elementor-top-section elementor-element elementor-element-2ce9002c elementor-section-boxed elementor-section-height-default elementor-section-height-default\" data-id=\"2ce9002c\" data-element_type=\"section\" data-e-type=\"section\">\n\t\t\t\t\t\t<div class=\"elementor-container elementor-column-gap-default\">\n\t\t\t\t\t<div class=\"elementor-column elementor-col-50 elementor-top-column elementor-element elementor-element-61d0adb2\" data-id=\"61d0adb2\" data-element_type=\"column\" data-e-type=\"column\">\n\t\t\t<div class=\"elementor-widget-wrap elementor-element-populated\">\n\t\t\t\t\t\t<div class=\"elementor-element elementor-element-4a9db162 elementor-widget elementor-widget-image\" data-id=\"4a9db162\" data-element_type=\"widget\" data-e-type=\"widget\" data-widget_type=\"image.default\">\n\t\t\t\t<div class=\"elementor-widget-container\">\n\t\t\t\t\t\t\t\t\t\t\t\t\t\t\t<img decoding=\"async\" src=\"https:\/\/www.japoniskazalia.lt\/wp-content\/uploads\/2019\/10\/Matcha-Granola-Pilna-Rie\u0161ut\u0173-\u017ealia-arbata.jpg\" title=\"Matcha Granola Full Nut Green Tea\" alt=\"Matcha Granola Pilna Rie\u0161ut\u0173 \u017ealia arbata\" loading=\"lazy\" \/>\t\t\t\t\t\t\t\t\t\t\t\t\t\t\t<\/div>\n\t\t\t\t<\/div>\n\t\t\t\t\t<\/div>\n\t\t<\/div>\n\t\t\t\t<div class=\"elementor-column elementor-col-50 elementor-top-column elementor-element elementor-element-26e113f0\" data-id=\"26e113f0\" data-element_type=\"column\" data-e-type=\"column\">\n\t\t\t<div class=\"elementor-widget-wrap elementor-element-populated\">\n\t\t\t\t\t\t<div class=\"elementor-element elementor-element-c20f606 elementor-widget elementor-widget-heading\" data-id=\"c20f606\" data-element_type=\"widget\" data-e-type=\"widget\" data-widget_type=\"heading.default\">\n\t\t\t\t<div class=\"elementor-widget-container\">\n\t\t\t\t\t<h1 class=\"elementor-heading-title elementor-size-default\">Matcha granola is full of nuts<\/h1>\t\t\t\t<\/div>\n\t\t\t\t<\/div>\n\t\t\t\t<section class=\"elementor-section elementor-inner-section elementor-element elementor-element-2f76c1f7 elementor-section-boxed elementor-section-height-default elementor-section-height-default\" data-id=\"2f76c1f7\" data-element_type=\"section\" data-e-type=\"section\">\n\t\t\t\t\t\t<div class=\"elementor-container elementor-column-gap-default\">\n\t\t\t\t\t<div class=\"elementor-column elementor-col-50 elementor-inner-column elementor-element elementor-element-44535ae9\" data-id=\"44535ae9\" data-element_type=\"column\" data-e-type=\"column\">\n\t\t\t<div class=\"elementor-widget-wrap elementor-element-populated\">\n\t\t\t\t\t\t<div class=\"elementor-element elementor-element-2d693de1 elementor-view-stacked elementor-shape-circle elementor-position-block-start elementor-mobile-position-block-start elementor-widget elementor-widget-icon-box\" data-id=\"2d693de1\" data-element_type=\"widget\" data-e-type=\"widget\" data-widget_type=\"icon-box.default\">\n\t\t\t\t<div class=\"elementor-widget-container\">\n\t\t\t\t\t\t\t<div class=\"elementor-icon-box-wrapper\">\n\n\t\t\t\t\t\t<div class=\"elementor-icon-box-icon\">\n\t\t\t\t<span  class=\"elementor-icon\">\n\t\t\t\t<i aria-hidden=\"true\" class=\"fas fa-pizza-slice\"><\/i>\t\t\t\t<\/span>\n\t\t\t<\/div>\n\t\t\t\n\t\t\t\t\t\t<div class=\"elementor-icon-box-content\">\n\n\t\t\t\t\t\t\t\t\t<h3 class=\"elementor-icon-box-title\">\n\t\t\t\t\t\t<span  >\n\t\t\t\t\t\t\tNUMBER OF PORTIONS: 3\t\t\t\t\t\t<\/span>\n\t\t\t\t\t<\/h3>\n\t\t\t\t\n\t\t\t\t\n\t\t\t<\/div>\n\t\t\t\n\t\t<\/div>\n\t\t\t\t\t\t<\/div>\n\t\t\t\t<\/div>\n\t\t\t\t\t<\/div>\n\t\t<\/div>\n\t\t\t\t<div class=\"elementor-column elementor-col-50 elementor-inner-column elementor-element elementor-element-9263f3c\" data-id=\"9263f3c\" data-element_type=\"column\" data-e-type=\"column\">\n\t\t\t<div class=\"elementor-widget-wrap elementor-element-populated\">\n\t\t\t\t\t\t<div class=\"elementor-element elementor-element-3b582032 elementor-view-stacked elementor-shape-circle elementor-position-block-start elementor-mobile-position-block-start elementor-widget elementor-widget-icon-box\" data-id=\"3b582032\" data-element_type=\"widget\" data-e-type=\"widget\" data-widget_type=\"icon-box.default\">\n\t\t\t\t<div class=\"elementor-widget-container\">\n\t\t\t\t\t\t\t<div class=\"elementor-icon-box-wrapper\">\n\n\t\t\t\t\t\t<div class=\"elementor-icon-box-icon\">\n\t\t\t\t<span  class=\"elementor-icon\">\n\t\t\t\t<i aria-hidden=\"true\" class=\"far fa-clock\"><\/i>\t\t\t\t<\/span>\n\t\t\t<\/div>\n\t\t\t\n\t\t\t\t\t\t<div class=\"elementor-icon-box-content\">\n\n\t\t\t\t\t\t\t\t\t<h3 class=\"elementor-icon-box-title\">\n\t\t\t\t\t\t<span  >\n\t\t\t\t\t\t\tPREPARATION TIME: 5 MIN.\t\t\t\t\t\t<\/span>\n\t\t\t\t\t<\/h3>\n\t\t\t\t\n\t\t\t\t\n\t\t\t<\/div>\n\t\t\t\n\t\t<\/div>\n\t\t\t\t\t\t<\/div>\n\t\t\t\t<\/div>\n\t\t\t\t\t<\/div>\n\t\t<\/div>\n\t\t\t\t\t<\/div>\n\t\t<\/section>\n\t\t\t\t<div class=\"elementor-element elementor-element-23af5cc0 elementor-widget elementor-widget-spacer\" data-id=\"23af5cc0\" data-element_type=\"widget\" data-e-type=\"widget\" data-widget_type=\"spacer.default\">\n\t\t\t\t<div class=\"elementor-widget-container\">\n\t\t\t\t\t\t\t<div class=\"elementor-spacer\">\n\t\t\t<div class=\"elementor-spacer-inner\"><\/div>\n\t\t<\/div>\n\t\t\t\t\t\t<\/div>\n\t\t\t\t<\/div>\n\t\t\t\t<div class=\"elementor-element elementor-element-42baa5a elementor-widget elementor-widget-spacer\" data-id=\"42baa5a\" data-element_type=\"widget\" data-e-type=\"widget\" data-widget_type=\"spacer.default\">\n\t\t\t\t<div class=\"elementor-widget-container\">\n\t\t\t\t\t\t\t<div class=\"elementor-spacer\">\n\t\t\t<div class=\"elementor-spacer-inner\"><\/div>\n\t\t<\/div>\n\t\t\t\t\t\t<\/div>\n\t\t\t\t<\/div>\n\t\t\t\t\t<\/div>\n\t\t<\/div>\n\t\t\t\t\t<\/div>\n\t\t<\/section>\n\t\t\t\t<section class=\"elementor-section elementor-top-section elementor-element elementor-element-40d95850 elementor-section-boxed elementor-section-height-default elementor-section-height-default\" data-id=\"40d95850\" data-element_type=\"section\" data-e-type=\"section\">\n\t\t\t\t\t\t<div class=\"elementor-container elementor-column-gap-default\">\n\t\t\t\t\t<div class=\"elementor-column elementor-col-100 elementor-top-column elementor-element elementor-element-3fd42abb\" data-id=\"3fd42abb\" data-element_type=\"column\" data-e-type=\"column\">\n\t\t\t<div class=\"elementor-widget-wrap elementor-element-populated\">\n\t\t\t\t\t\t<div class=\"elementor-element elementor-element-c717da6 elementor-widget elementor-widget-heading\" data-id=\"c717da6\" data-element_type=\"widget\" data-e-type=\"widget\" data-widget_type=\"heading.default\">\n\t\t\t\t<div class=\"elementor-widget-container\">\n\t\t\t\t\t<h2 class=\"elementor-heading-title elementor-size-default\">INGREDIENTS:<\/h2>\t\t\t\t<\/div>\n\t\t\t\t<\/div>\n\t\t\t\t<div class=\"elementor-element elementor-element-132d4517 elementor-widget elementor-widget-text-editor\" data-id=\"132d4517\" data-element_type=\"widget\" data-e-type=\"widget\" data-widget_type=\"text-editor.default\">\n\t\t\t\t<div class=\"elementor-widget-container\">\n\t\t\t\t\t\t\t\t\t<ul><li>1 large spoonful of Matcha powder + 1 small spoonful (for sprinkling)<\/li><li>1\/4 cup of honey<\/li><li>2 tablespoons coconut oil (melted)<\/li><li>1 pinch of salt<\/li><li>1 teaspoon of vanilla extract<\/li><li>3\/4 cup almonds (finely chopped)<\/li><li>1 cup almonds (coarsely\/finely chopped)<\/li><li>1\/2 cup walnuts (coarsely chopped)<\/li><li>1\/3 cup pumpkin seeds<\/li><\/ul>\t\t\t\t\t\t\t\t<\/div>\n\t\t\t\t<\/div>\n\t\t\t\t<div class=\"elementor-element elementor-element-5b1cb57a elementor-widget elementor-widget-heading\" data-id=\"5b1cb57a\" data-element_type=\"widget\" data-e-type=\"widget\" data-widget_type=\"heading.default\">\n\t\t\t\t<div class=\"elementor-widget-container\">\n\t\t\t\t\t<h2 class=\"elementor-heading-title elementor-size-default\">PREPARATION:<\/h2>\t\t\t\t<\/div>\n\t\t\t\t<\/div>\n\t\t\t\t<div class=\"elementor-element elementor-element-2b7db8b2 elementor-widget elementor-widget-text-editor\" data-id=\"2b7db8b2\" data-element_type=\"widget\" data-e-type=\"widget\" data-widget_type=\"text-editor.default\">\n\t\t\t\t<div class=\"elementor-widget-container\">\n\t\t\t\t\t\t\t\t\t<ol><li>Preheat the oven to 150 C. Line a baking tray with baking paper.<\/li><li>In a bowl placed in a pot of hot water, add honey and wait until it melts. Add salt, vanilla extract and Matcha powder.<\/li><li>Place all the almonds, walnuts and pumpkin seeds in a bowl with the honey and mix well until the syrup coats all the dry ingredients and forms a sticky mass.<\/li><li>Divide the whole mass into many small pieces and transfer them to the baking tray.<\/li><li>Bake for about 15 minutes and remove from the oven.  Break the granola into smaller pieces and bake for another 10 minutes. Remove from the oven and leave to cool.<\/li><li>Pour the granola into a large plasma bowl, sprinkle with the remaining 1 teaspoon of Matcha powder. Close the container and shake to coat all the pieces with Matcha powder.<\/li><li>Serve with sleepy yogurt and fruit.<\/li><\/ol>\t\t\t\t\t\t\t\t<\/div>\n\t\t\t\t<\/div>\n\t\t\t\t\t<\/div>\n\t\t<\/div>\n\t\t\t\t\t<\/div>\n\t\t<\/section>\n\t\t\t\t<\/div>","protected":false},"excerpt":{"rendered":"<p>Matcha granola pilna rie\u0161ut\u0173 PORCIJ\u0172 SKAI\u010cIUS: 3 PARUO\u0160IMO LAIKAS: 5 MIN. INGREDIENTAI: 1 didelis \u0161auk\u0161tas Matcha milteli\u0173 + 1 ma\u017eas \u0161auk\u0161telis (pabarstimui) 1\/4 stiklin\u0117s medaus 2 \u0161auk\u0161tai kokos\u0173 aliejaus (i\u0161tirpinto) 1 \u017eipsnelis druskos 1 \u0161auk\u0161telis vanilinio ekstrakto 3\/4 stiklin\u0117s migdol\u0173 (smulkiai smulkinti) 1 stiklin\u0117 migdol\u0173 (grubiai\/r\u016bpiai smulkinti) 1\/2 stiklin\u0117s graikini\u0173 rie\u0161ut\u0173 (grubiai smulkinti) 1\/3 stiklin\u0117s [&hellip;]<\/p>","protected":false},"author":1,"featured_media":0,"parent":0,"menu_order":0,"comment_status":"closed","ping_status":"closed","template":"","meta":{"ocean_post_layout":"","ocean_both_sidebars_style":"","ocean_both_sidebars_content_width":0,"ocean_both_sidebars_sidebars_width":0,"ocean_sidebar":"0","ocean_second_sidebar":"0","ocean_disable_margins":"enable","ocean_add_body_class":"","ocean_shortcode_before_top_bar":"","ocean_shortcode_after_top_bar":"","ocean_shortcode_before_header":"","ocean_shortcode_after_header":"","ocean_has_shortcode":"","ocean_shortcode_after_title":"","ocean_shortcode_before_footer_widgets":"","ocean_shortcode_after_footer_widgets":"","ocean_shortcode_before_footer_bottom":"","ocean_shortcode_after_footer_bottom":"","ocean_display_top_bar":"default","ocean_display_header":"default","ocean_header_style":"","ocean_center_header_left_menu":"0","ocean_custom_header_template":"0","ocean_custom_logo":0,"ocean_custom_retina_logo":0,"ocean_custom_logo_max_width":0,"ocean_custom_logo_tablet_max_width":0,"ocean_custom_logo_mobile_max_width":0,"ocean_custom_logo_max_height":0,"ocean_custom_logo_tablet_max_height":0,"ocean_custom_logo_mobile_max_height":0,"ocean_header_custom_menu":"0","ocean_menu_typo_font_family":"0","ocean_menu_typo_font_subset":"","ocean_menu_typo_font_size":0,"ocean_menu_typo_font_size_tablet":0,"ocean_menu_typo_font_size_mobile":0,"ocean_menu_typo_font_size_unit":"px","ocean_menu_typo_font_weight":"","ocean_menu_typo_font_weight_tablet":"","ocean_menu_typo_font_weight_mobile":"","ocean_menu_typo_transform":"","ocean_menu_typo_transform_tablet":"","ocean_menu_typo_transform_mobile":"","ocean_menu_typo_line_height":0,"ocean_menu_typo_line_height_tablet":0,"ocean_menu_typo_line_height_mobile":0,"ocean_menu_typo_line_height_unit":"","ocean_menu_typo_spacing":0,"ocean_menu_typo_spacing_tablet":0,"ocean_menu_typo_spacing_mobile":0,"ocean_menu_typo_spacing_unit":"","ocean_menu_link_color":"","ocean_menu_link_color_hover":"","ocean_menu_link_color_active":"","ocean_menu_link_background":"","ocean_menu_link_hover_background":"","ocean_menu_link_active_background":"","ocean_menu_social_links_bg":"","ocean_menu_social_hover_links_bg":"","ocean_menu_social_links_color":"","ocean_menu_social_hover_links_color":"","ocean_disable_title":"on","ocean_disable_heading":"on","ocean_post_title":"","ocean_post_subheading":"","ocean_post_title_style":"","ocean_post_title_background_color":"","ocean_post_title_background":0,"ocean_post_title_bg_image_position":"","ocean_post_title_bg_image_attachment":"","ocean_post_title_bg_image_repeat":"","ocean_post_title_bg_image_size":"","ocean_post_title_height":0,"ocean_post_title_bg_overlay":0.5,"ocean_post_title_bg_overlay_color":"","ocean_disable_breadcrumbs":"on","ocean_breadcrumbs_color":"#000000","ocean_breadcrumbs_separator_color":"","ocean_breadcrumbs_links_color":"","ocean_breadcrumbs_links_hover_color":"","ocean_display_footer_widgets":"default","ocean_display_footer_bottom":"default","ocean_custom_footer_template":"0","footnotes":""},"class_list":["post-1036","page","type-page","status-publish","hentry","entry","owp-thumbs-layout-vertical","owp-btn-normal","owp-tabs-layout-horizontal","has-no-thumbnails","has-product-nav","circle-sale"],"yoast_head":"<!-- This site is optimized with the Yoast SEO plugin v26.8 - https:\/\/yoast.com\/product\/yoast-seo-wordpress\/ -->\n<title>Matcha granola pilna rie\u0161ut\u0173 | JaponiskaZalia.lt - autenti\u0161ka arbata i\u0161 Japonijos.<\/title>\n<meta name=\"robots\" content=\"index, follow, max-snippet:-1, max-image-preview:large, max-video-preview:-1\" \/>\n<link rel=\"canonical\" href=\"https:\/\/www.japoniskazalia.lt\/en\/matcha-granola-pilna-riesutu\/\" \/>\n<meta property=\"og:locale\" content=\"en_GB\" \/>\n<meta property=\"og:type\" content=\"article\" \/>\n<meta property=\"og:title\" content=\"Matcha granola pilna rie\u0161ut\u0173 | JaponiskaZalia.lt - autenti\u0161ka arbata i\u0161 Japonijos.\" \/>\n<meta property=\"og:description\" content=\"Matcha granola pilna rie\u0161ut\u0173 PORCIJ\u0172 SKAI\u010cIUS: 3 PARUO\u0160IMO LAIKAS: 5 MIN. INGREDIENTAI: 1 didelis \u0161auk\u0161tas Matcha milteli\u0173 + 1 ma\u017eas \u0161auk\u0161telis (pabarstimui) 1\/4 stiklin\u0117s medaus 2 \u0161auk\u0161tai kokos\u0173 aliejaus (i\u0161tirpinto) 1 \u017eipsnelis druskos 1 \u0161auk\u0161telis vanilinio ekstrakto 3\/4 stiklin\u0117s migdol\u0173 (smulkiai smulkinti) 1 stiklin\u0117 migdol\u0173 (grubiai\/r\u016bpiai smulkinti) 1\/2 stiklin\u0117s graikini\u0173 rie\u0161ut\u0173 (grubiai smulkinti) 1\/3 stiklin\u0117s [&hellip;]\" \/>\n<meta property=\"og:url\" content=\"https:\/\/www.japoniskazalia.lt\/en\/matcha-granola-pilna-riesutu\/\" \/>\n<meta property=\"og:site_name\" content=\"JaponiskaZalia.lt - autenti\u0161ka arbata i\u0161 Japonijos.\" \/>\n<meta property=\"article:publisher\" content=\"https:\/\/www.facebook.com\/japoniska.zalia\/\" \/>\n<meta property=\"article:modified_time\" content=\"2020-11-05T13:35:45+00:00\" \/>\n<meta name=\"twitter:card\" content=\"summary_large_image\" \/>\n<meta name=\"twitter:label1\" content=\"Estimated reading time\" \/>\n\t<meta name=\"twitter:data1\" content=\"1 minute\" \/>\n<script type=\"application\/ld+json\" class=\"yoast-schema-graph\">{\"@context\":\"https:\/\/schema.org\",\"@graph\":[{\"@type\":\"WebPage\",\"@id\":\"https:\/\/www.japoniskazalia.lt\/matcha-granola-pilna-riesutu\/\",\"url\":\"https:\/\/www.japoniskazalia.lt\/matcha-granola-pilna-riesutu\/\",\"name\":\"Matcha granola pilna rie\u0161ut\u0173 | JaponiskaZalia.lt - autenti\u0161ka arbata i\u0161 Japonijos.\",\"isPartOf\":{\"@id\":\"https:\/\/www.japoniskazalia.lt\/#website\"},\"datePublished\":\"2019-10-17T18:12:26+00:00\",\"dateModified\":\"2020-11-05T13:35:45+00:00\",\"breadcrumb\":{\"@id\":\"https:\/\/www.japoniskazalia.lt\/matcha-granola-pilna-riesutu\/#breadcrumb\"},\"inLanguage\":\"en-GB\",\"potentialAction\":[{\"@type\":\"ReadAction\",\"target\":[\"https:\/\/www.japoniskazalia.lt\/matcha-granola-pilna-riesutu\/\"]}]},{\"@type\":\"BreadcrumbList\",\"@id\":\"https:\/\/www.japoniskazalia.lt\/matcha-granola-pilna-riesutu\/#breadcrumb\",\"itemListElement\":[{\"@type\":\"ListItem\",\"position\":1,\"name\":\"Home\",\"item\":\"https:\/\/www.japoniskazalia.lt\/\"},{\"@type\":\"ListItem\",\"position\":2,\"name\":\"Matcha granola pilna rie\u0161ut\u0173\"}]},{\"@type\":\"WebSite\",\"@id\":\"https:\/\/www.japoniskazalia.lt\/#website\",\"url\":\"https:\/\/www.japoniskazalia.lt\/\",\"name\":\"JaponiskaZalia.lt - autenti\u0161ka arbata i\u0161 Japonijos.\",\"description\":\"JaponiskaZalia.lt - \u017ealia arbata, japoni\u0161ka keramika, degustacijos\",\"publisher\":{\"@id\":\"https:\/\/www.japoniskazalia.lt\/#organization\"},\"potentialAction\":[{\"@type\":\"SearchAction\",\"target\":{\"@type\":\"EntryPoint\",\"urlTemplate\":\"https:\/\/www.japoniskazalia.lt\/?s={search_term_string}\"},\"query-input\":{\"@type\":\"PropertyValueSpecification\",\"valueRequired\":true,\"valueName\":\"search_term_string\"}}],\"inLanguage\":\"en-GB\"},{\"@type\":\"Organization\",\"@id\":\"https:\/\/www.japoniskazalia.lt\/#organization\",\"name\":\"Japoni\u0161ka \u017ealia\",\"url\":\"https:\/\/www.japoniskazalia.lt\/\",\"logo\":{\"@type\":\"ImageObject\",\"inLanguage\":\"en-GB\",\"@id\":\"https:\/\/www.japoniskazalia.lt\/#\/schema\/logo\/image\/\",\"url\":\"https:\/\/www.japoniskazalia.lt\/wp-content\/uploads\/2019\/08\/logo-canva-transparent-transparent.png\",\"contentUrl\":\"https:\/\/www.japoniskazalia.lt\/wp-content\/uploads\/2019\/08\/logo-canva-transparent-transparent.png\",\"width\":1050,\"height\":600,\"caption\":\"Japoni\u0161ka \u017ealia\"},\"image\":{\"@id\":\"https:\/\/www.japoniskazalia.lt\/#\/schema\/logo\/image\/\"},\"sameAs\":[\"https:\/\/www.facebook.com\/japoniska.zalia\/\"]}]}<\/script>\n<!-- \/ Yoast SEO plugin. -->","yoast_head_json":{"title":"Matcha granola pilna rie\u0161ut\u0173 | JaponiskaZalia.lt - autenti\u0161ka arbata i\u0161 Japonijos.","robots":{"index":"index","follow":"follow","max-snippet":"max-snippet:-1","max-image-preview":"max-image-preview:large","max-video-preview":"max-video-preview:-1"},"canonical":"https:\/\/www.japoniskazalia.lt\/en\/matcha-granola-pilna-riesutu\/","og_locale":"en_GB","og_type":"article","og_title":"Matcha granola pilna rie\u0161ut\u0173 | JaponiskaZalia.lt - autenti\u0161ka arbata i\u0161 Japonijos.","og_description":"Matcha granola pilna rie\u0161ut\u0173 PORCIJ\u0172 SKAI\u010cIUS: 3 PARUO\u0160IMO LAIKAS: 5 MIN. INGREDIENTAI: 1 didelis \u0161auk\u0161tas Matcha milteli\u0173 + 1 ma\u017eas \u0161auk\u0161telis (pabarstimui) 1\/4 stiklin\u0117s medaus 2 \u0161auk\u0161tai kokos\u0173 aliejaus (i\u0161tirpinto) 1 \u017eipsnelis druskos 1 \u0161auk\u0161telis vanilinio ekstrakto 3\/4 stiklin\u0117s migdol\u0173 (smulkiai smulkinti) 1 stiklin\u0117 migdol\u0173 (grubiai\/r\u016bpiai smulkinti) 1\/2 stiklin\u0117s graikini\u0173 rie\u0161ut\u0173 (grubiai smulkinti) 1\/3 stiklin\u0117s [&hellip;]","og_url":"https:\/\/www.japoniskazalia.lt\/en\/matcha-granola-pilna-riesutu\/","og_site_name":"JaponiskaZalia.lt - autenti\u0161ka arbata i\u0161 Japonijos.","article_publisher":"https:\/\/www.facebook.com\/japoniska.zalia\/","article_modified_time":"2020-11-05T13:35:45+00:00","twitter_card":"summary_large_image","twitter_misc":{"Estimated reading time":"1 minute"},"schema":{"@context":"https:\/\/schema.org","@graph":[{"@type":"WebPage","@id":"https:\/\/www.japoniskazalia.lt\/matcha-granola-pilna-riesutu\/","url":"https:\/\/www.japoniskazalia.lt\/matcha-granola-pilna-riesutu\/","name":"Matcha granola pilna rie\u0161ut\u0173 | JaponiskaZalia.lt - autenti\u0161ka arbata i\u0161 Japonijos.","isPartOf":{"@id":"https:\/\/www.japoniskazalia.lt\/#website"},"datePublished":"2019-10-17T18:12:26+00:00","dateModified":"2020-11-05T13:35:45+00:00","breadcrumb":{"@id":"https:\/\/www.japoniskazalia.lt\/matcha-granola-pilna-riesutu\/#breadcrumb"},"inLanguage":"en-GB","potentialAction":[{"@type":"ReadAction","target":["https:\/\/www.japoniskazalia.lt\/matcha-granola-pilna-riesutu\/"]}]},{"@type":"BreadcrumbList","@id":"https:\/\/www.japoniskazalia.lt\/matcha-granola-pilna-riesutu\/#breadcrumb","itemListElement":[{"@type":"ListItem","position":1,"name":"Home","item":"https:\/\/www.japoniskazalia.lt\/"},{"@type":"ListItem","position":2,"name":"Matcha granola pilna rie\u0161ut\u0173"}]},{"@type":"WebSite","@id":"https:\/\/www.japoniskazalia.lt\/#website","url":"https:\/\/www.japoniskazalia.lt\/","name":"JaponiskaZalia.lt - autenti\u0161ka arbata i\u0161 Japonijos.","description":"JaponiskaZalia.lt - \u017ealia arbata, japoni\u0161ka keramika, degustacijos","publisher":{"@id":"https:\/\/www.japoniskazalia.lt\/#organization"},"potentialAction":[{"@type":"SearchAction","target":{"@type":"EntryPoint","urlTemplate":"https:\/\/www.japoniskazalia.lt\/?s={search_term_string}"},"query-input":{"@type":"PropertyValueSpecification","valueRequired":true,"valueName":"search_term_string"}}],"inLanguage":"en-GB"},{"@type":"Organization","@id":"https:\/\/www.japoniskazalia.lt\/#organization","name":"Japoni\u0161ka \u017ealia","url":"https:\/\/www.japoniskazalia.lt\/","logo":{"@type":"ImageObject","inLanguage":"en-GB","@id":"https:\/\/www.japoniskazalia.lt\/#\/schema\/logo\/image\/","url":"https:\/\/www.japoniskazalia.lt\/wp-content\/uploads\/2019\/08\/logo-canva-transparent-transparent.png","contentUrl":"https:\/\/www.japoniskazalia.lt\/wp-content\/uploads\/2019\/08\/logo-canva-transparent-transparent.png","width":1050,"height":600,"caption":"Japoni\u0161ka \u017ealia"},"image":{"@id":"https:\/\/www.japoniskazalia.lt\/#\/schema\/logo\/image\/"},"sameAs":["https:\/\/www.facebook.com\/japoniska.zalia\/"]}]}},"_links":{"self":[{"href":"https:\/\/www.japoniskazalia.lt\/en\/wp-json\/wp\/v2\/pages\/1036","targetHints":{"allow":["GET"]}}],"collection":[{"href":"https:\/\/www.japoniskazalia.lt\/en\/wp-json\/wp\/v2\/pages"}],"about":[{"href":"https:\/\/www.japoniskazalia.lt\/en\/wp-json\/wp\/v2\/types\/page"}],"author":[{"embeddable":true,"href":"https:\/\/www.japoniskazalia.lt\/en\/wp-json\/wp\/v2\/users\/1"}],"replies":[{"embeddable":true,"href":"https:\/\/www.japoniskazalia.lt\/en\/wp-json\/wp\/v2\/comments?post=1036"}],"version-history":[{"count":4,"href":"https:\/\/www.japoniskazalia.lt\/en\/wp-json\/wp\/v2\/pages\/1036\/revisions"}],"predecessor-version":[{"id":1040,"href":"https:\/\/www.japoniskazalia.lt\/en\/wp-json\/wp\/v2\/pages\/1036\/revisions\/1040"}],"wp:attachment":[{"href":"https:\/\/www.japoniskazalia.lt\/en\/wp-json\/wp\/v2\/media?parent=1036"}],"curies":[{"name":"wp","href":"https:\/\/api.w.org\/{rel}","templated":true}]}}